{"id":3967,"date":"2020-08-31T20:51:12","date_gmt":"2020-08-31T20:51:12","guid":{"rendered":"https:\/\/gpsites.co\/mason\/?page_id=9"},"modified":"2024-06-02T23:04:10","modified_gmt":"2024-06-02T21:04:10","slug":"about","status":"publish","type":"page","link":"https:\/\/carmentudelapsicologa.com\/index.php\/about\/","title":{"rendered":"Sobre m\u00ed"},"content":{"rendered":"<div class=\"gb-container gb-container-3f3a9978\">\n<div class=\"gb-container gb-container-f0225e0e\">\n\n<h1 class=\"gb-headline gb-headline-035c4330 gb-headline-text\">Sobre m\u00ed<\/h1>\n\n<\/div>\n<\/div>\n\n<div class=\"gb-container gb-container-cd67deb7\">\n<div class=\"gb-container gb-container-9e4bb9bd\">\n<div class=\"gb-container gb-container-fb706260\">\n\n<h2 class=\"gb-headline gb-headline-5bc45f76 gb-headline-text\">Carmen Tudela, Psic\u00f3loga especialista en Terapia Breve y Estrat\u00e9gica<\/h2>\n\n\n\n<div class=\"gb-headline gb-headline-2b2468aa\"><span class=\"gb-icon\"><svg viewBox=\"0 0 36.7 3\" xmlns=\"http:\/\/www.w3.org\/2000\/svg\"><path d=\"M0 0h36.7v3H0z\"><\/path><\/svg><\/span><\/div>\n\n\n\n<p>Mi nombre es Carmen Tudela Navarro, trabajo como psic\u00f3loga en la a\u00e9rea cl\u00ednica&nbsp; con n\u00famero de colegiada 2755. Poseo la certificaci\u00f3n que me habilita para ejercer como Psic\u00f3loga Sanitaria.<\/p>\n\n\n\n<p>Soy Especialista en Terapia Breve y Estrat\u00e9gica.<\/p>\n\n<\/div>\n\n<div class=\"gb-container gb-container-12924e5b\">\n\n<figure class=\"wp-block-image size-large\"><img loading=\"lazy\" decoding=\"async\" width=\"1024\" height=\"683\" src=\"http:\/\/carmentudelapsicologa.com\/wp-content\/uploads\/2024\/05\/Carmen-Tudela-Psicologa-2-1024x683.webp\" alt=\"\" class=\"wp-image-4205\" srcset=\"https:\/\/carmentudelapsicologa.com\/wp-content\/uploads\/2024\/05\/Carmen-Tudela-Psicologa-2-1024x683.webp 1024w, https:\/\/carmentudelapsicologa.com\/wp-content\/uploads\/2024\/05\/Carmen-Tudela-Psicologa-2-300x200.webp 300w, https:\/\/carmentudelapsicologa.com\/wp-content\/uploads\/2024\/05\/Carmen-Tudela-Psicologa-2-768x512.webp 768w, https:\/\/carmentudelapsicologa.com\/wp-content\/uploads\/2024\/05\/Carmen-Tudela-Psicologa-2-1536x1024.webp 1536w, https:\/\/carmentudelapsicologa.com\/wp-content\/uploads\/2024\/05\/Carmen-Tudela-Psicologa-2-2048x1365.webp 2048w\" sizes=\"(max-width: 1024px) 100vw, 1024px\" \/><\/figure>\n\n<\/div>\n<\/div>\n<\/div>\n\n<div class=\"gb-container gb-container-96aaaadd\">\n<div class=\"gb-container gb-container-ca424d65\">\n\n<p class=\"gb-headline gb-headline-2ab91719 gb-headline-text\"><\/p>\n\n<\/div>\n<\/div>\n\n<div class=\"gb-container gb-container-e6eabae9\">\n<div class=\"gb-container gb-container-9608e9b6\">\n\n<h3 class=\"gb-headline gb-headline-6eae5684 gb-headline-text\"><em>Enfoque emp\u00e1tico, colaborativo y totalmente centrado en ti.<\/em><\/h3>\n\n\n\n<div class=\"gb-headline gb-headline-33719af2\"><span class=\"gb-icon\"><svg xmlns=\"http:\/\/www.w3.org\/2000\/svg\" viewBox=\"0 0 36.7 3\"><path d=\"M0 0h36.7v3H0z\"><\/path><\/svg><\/span><\/div>\n\n\n\n<p>En mi pr\u00e1ctica como psic\u00f3loga, no me conformo con lo convencional; busco constantemente la excelencia, explorando los l\u00edmites del conocimiento y aplicando enfoques que desaf\u00eden lo establecido.<\/p>\n\n\n\n<p>Mi enfoque terap\u00e9utico va m\u00e1s all\u00e1 de los protocolos: Es un enfoque emp\u00e1tico, colaborativo y totalmente centrado en ti.<\/p>\n\n\n\n<p>Creo en la creaci\u00f3n de un v\u00ednculo de confianza y respeto que te permita explorar tus preocupaciones m\u00e1s profundas y abrazar los cambios positivos con determinaci\u00f3n.<\/p>\n\n\n\n<p>Desde una perspectiva de comprensi\u00f3n y respeto hacia la diversidad de las personas y culturas, estoy comprometida a ser tu aliada en la realizaci\u00f3n de tus metas terap\u00e9uticas.<\/p>\n\n\n\n<p>Acompa\u00f1arte en este viaje hacia el bienestar emocional es un honor para m\u00ed.<\/p>\n\n\n\n<a class=\"gb-button gb-button-fa3a669a gb-button-text\" href=\"https:\/\/carmentudelapsicologa.com\/index.php\/contact\/\">PEDIR CITA<\/a>\n\n<\/div>\n\n\n<figure class=\"wp-block-gallery aligncenter has-nested-images columns-default is-cropped wp-block-gallery-1 is-layout-flex wp-block-gallery-is-layout-flex\">\n<figure class=\"wp-block-image size-large\"><img loading=\"lazy\" decoding=\"async\" width=\"1024\" height=\"683\" src=\"http:\/\/carmentudelapsicologa.com\/wp-content\/uploads\/2024\/05\/Carmen-Tudela-Psicologa-1024x683.webp\" alt=\"\" class=\"wp-image-4207\" srcset=\"https:\/\/carmentudelapsicologa.com\/wp-content\/uploads\/2024\/05\/Carmen-Tudela-Psicologa-1024x683.webp 1024w, https:\/\/carmentudelapsicologa.com\/wp-content\/uploads\/2024\/05\/Carmen-Tudela-Psicologa-300x200.webp 300w, https:\/\/carmentudelapsicologa.com\/wp-content\/uploads\/2024\/05\/Carmen-Tudela-Psicologa-768x512.webp 768w, https:\/\/carmentudelapsicologa.com\/wp-content\/uploads\/2024\/05\/Carmen-Tudela-Psicologa-1536x1024.webp 1536w, https:\/\/carmentudelapsicologa.com\/wp-content\/uploads\/2024\/05\/Carmen-Tudela-Psicologa-2048x1365.webp 2048w\" sizes=\"(max-width: 1024px) 100vw, 1024px\" \/><\/figure>\n<\/figure>\n\n<\/div>","protected":false},"excerpt":{"rendered":"<p>Sobre m\u00ed Carmen Tudela, Psic\u00f3loga especialista en Terapia Breve y Estrat\u00e9gica Mi nombre es Carmen Tudela Navarro, trabajo como psic\u00f3loga en la a\u00e9rea cl\u00ednica&nbsp; con n\u00famero de colegiada 2755. Poseo la certificaci\u00f3n que me habilita para ejercer como Psic\u00f3loga Sanitaria. Soy Especialista en Terapia Breve y Estrat\u00e9gica. Enfoque emp\u00e1tico, colaborativo y totalmente centrado en ti. &#8230; <a title=\"Sobre m\u00ed\" class=\"read-more\" href=\"https:\/\/carmentudelapsicologa.com\/index.php\/about\/\" aria-label=\"More on Sobre m\u00ed\">Read more<\/a><\/p>\n","protected":false},"author":1,"featured_media":0,"parent":0,"menu_order":0,"comment_status":"closed","ping_status":"closed","template":"","meta":{"footnotes":""},"yoast_head":"<!-- This site is optimized with the Yoast SEO plugin v22.8 - https:\/\/yoast.com\/wordpress\/plugins\/seo\/ -->\n<title>Sobre m\u00ed - Carmen Tudela Psic\u00f3loga<\/title>\n<meta name=\"description\" content=\"Conoce m\u00e1s sobre Carmen Tudela Psic\u00f3loga, su enfoque profesional y c\u00f3mo puede ayudarte a superar desaf\u00edos emocionales.\" \/>\n<meta name=\"robots\" content=\"index, follow, max-snippet:-1, max-image-preview:large, max-video-preview:-1\" \/>\n<link rel=\"canonical\" href=\"https:\/\/carmentudelapsicologa.com\/index.php\/about\/\" \/>\n<meta property=\"og:locale\" content=\"en_US\" \/>\n<meta property=\"og:type\" content=\"article\" \/>\n<meta property=\"og:title\" content=\"Sobre m\u00ed - Carmen Tudela Psic\u00f3loga\" \/>\n<meta property=\"og:description\" content=\"Conoce m\u00e1s sobre Carmen Tudela Psic\u00f3loga, su enfoque profesional y c\u00f3mo puede ayudarte a superar desaf\u00edos emocionales.\" \/>\n<meta property=\"og:url\" content=\"https:\/\/carmentudelapsicologa.com\/index.php\/about\/\" \/>\n<meta property=\"article:modified_time\" content=\"2024-06-02T21:04:10+00:00\" \/>\n<meta property=\"og:image\" content=\"http:\/\/carmentudelapsicologa.com\/wp-content\/uploads\/2024\/05\/Carmen-Tudela-Psicologa-2-1024x683.webp\" \/>\n<meta name=\"twitter:card\" content=\"summary_large_image\" \/>\n<meta name=\"twitter:label1\" content=\"Est. reading time\" \/>\n\t<meta name=\"twitter:data1\" content=\"2 minutes\" \/>\n<script type=\"application\/ld+json\" class=\"yoast-schema-graph\">{\"@context\":\"https:\/\/schema.org\",\"@graph\":[{\"@type\":\"WebPage\",\"@id\":\"https:\/\/carmentudelapsicologa.com\/index.php\/about\/\",\"url\":\"https:\/\/carmentudelapsicologa.com\/index.php\/about\/\",\"name\":\"Sobre m\u00ed - Carmen Tudela Psic\u00f3loga\",\"isPartOf\":{\"@id\":\"https:\/\/carmentudelapsicologa.com\/#website\"},\"primaryImageOfPage\":{\"@id\":\"https:\/\/carmentudelapsicologa.com\/index.php\/about\/#primaryimage\"},\"image\":{\"@id\":\"https:\/\/carmentudelapsicologa.com\/index.php\/about\/#primaryimage\"},\"thumbnailUrl\":\"http:\/\/carmentudelapsicologa.com\/wp-content\/uploads\/2024\/05\/Carmen-Tudela-Psicologa-2-1024x683.webp\",\"datePublished\":\"2020-08-31T20:51:12+00:00\",\"dateModified\":\"2024-06-02T21:04:10+00:00\",\"description\":\"Conoce m\u00e1s sobre Carmen Tudela Psic\u00f3loga, su enfoque profesional y c\u00f3mo puede ayudarte a superar desaf\u00edos emocionales.\",\"breadcrumb\":{\"@id\":\"https:\/\/carmentudelapsicologa.com\/index.php\/about\/#breadcrumb\"},\"inLanguage\":\"en-US\",\"potentialAction\":[{\"@type\":\"ReadAction\",\"target\":[\"https:\/\/carmentudelapsicologa.com\/index.php\/about\/\"]}]},{\"@type\":\"ImageObject\",\"inLanguage\":\"en-US\",\"@id\":\"https:\/\/carmentudelapsicologa.com\/index.php\/about\/#primaryimage\",\"url\":\"https:\/\/carmentudelapsicologa.com\/wp-content\/uploads\/2024\/05\/Carmen-Tudela-Psicologa-2-scaled.webp\",\"contentUrl\":\"https:\/\/carmentudelapsicologa.com\/wp-content\/uploads\/2024\/05\/Carmen-Tudela-Psicologa-2-scaled.webp\",\"width\":2560,\"height\":1707,\"caption\":\"Carmen Tudela Psicologa 2\"},{\"@type\":\"BreadcrumbList\",\"@id\":\"https:\/\/carmentudelapsicologa.com\/index.php\/about\/#breadcrumb\",\"itemListElement\":[{\"@type\":\"ListItem\",\"position\":1,\"name\":\"Portada\",\"item\":\"https:\/\/carmentudelapsicologa.com\/\"},{\"@type\":\"ListItem\",\"position\":2,\"name\":\"Sobre m\u00ed\"}]},{\"@type\":\"WebSite\",\"@id\":\"https:\/\/carmentudelapsicologa.com\/#website\",\"url\":\"https:\/\/carmentudelapsicologa.com\/\",\"name\":\"\",\"description\":\"\",\"potentialAction\":[{\"@type\":\"SearchAction\",\"target\":{\"@type\":\"EntryPoint\",\"urlTemplate\":\"https:\/\/carmentudelapsicologa.com\/?s={search_term_string}\"},\"query-input\":\"required name=search_term_string\"}],\"inLanguage\":\"en-US\"}]}<\/script>\n<!-- \/ Yoast SEO plugin. -->","yoast_head_json":{"title":"Sobre m\u00ed - Carmen Tudela Psic\u00f3loga","description":"Conoce m\u00e1s sobre Carmen Tudela Psic\u00f3loga, su enfoque profesional y c\u00f3mo puede ayudarte a superar desaf\u00edos emocionales.","robots":{"index":"index","follow":"follow","max-snippet":"max-snippet:-1","max-image-preview":"max-image-preview:large","max-video-preview":"max-video-preview:-1"},"canonical":"https:\/\/carmentudelapsicologa.com\/index.php\/about\/","og_locale":"en_US","og_type":"article","og_title":"Sobre m\u00ed - Carmen Tudela Psic\u00f3loga","og_description":"Conoce m\u00e1s sobre Carmen Tudela Psic\u00f3loga, su enfoque profesional y c\u00f3mo puede ayudarte a superar desaf\u00edos emocionales.","og_url":"https:\/\/carmentudelapsicologa.com\/index.php\/about\/","article_modified_time":"2024-06-02T21:04:10+00:00","og_image":[{"url":"http:\/\/carmentudelapsicologa.com\/wp-content\/uploads\/2024\/05\/Carmen-Tudela-Psicologa-2-1024x683.webp"}],"twitter_card":"summary_large_image","twitter_misc":{"Est. reading time":"2 minutes"},"schema":{"@context":"https:\/\/schema.org","@graph":[{"@type":"WebPage","@id":"https:\/\/carmentudelapsicologa.com\/index.php\/about\/","url":"https:\/\/carmentudelapsicologa.com\/index.php\/about\/","name":"Sobre m\u00ed - Carmen Tudela Psic\u00f3loga","isPartOf":{"@id":"https:\/\/carmentudelapsicologa.com\/#website"},"primaryImageOfPage":{"@id":"https:\/\/carmentudelapsicologa.com\/index.php\/about\/#primaryimage"},"image":{"@id":"https:\/\/carmentudelapsicologa.com\/index.php\/about\/#primaryimage"},"thumbnailUrl":"http:\/\/carmentudelapsicologa.com\/wp-content\/uploads\/2024\/05\/Carmen-Tudela-Psicologa-2-1024x683.webp","datePublished":"2020-08-31T20:51:12+00:00","dateModified":"2024-06-02T21:04:10+00:00","description":"Conoce m\u00e1s sobre Carmen Tudela Psic\u00f3loga, su enfoque profesional y c\u00f3mo puede ayudarte a superar desaf\u00edos emocionales.","breadcrumb":{"@id":"https:\/\/carmentudelapsicologa.com\/index.php\/about\/#breadcrumb"},"inLanguage":"en-US","potentialAction":[{"@type":"ReadAction","target":["https:\/\/carmentudelapsicologa.com\/index.php\/about\/"]}]},{"@type":"ImageObject","inLanguage":"en-US","@id":"https:\/\/carmentudelapsicologa.com\/index.php\/about\/#primaryimage","url":"https:\/\/carmentudelapsicologa.com\/wp-content\/uploads\/2024\/05\/Carmen-Tudela-Psicologa-2-scaled.webp","contentUrl":"https:\/\/carmentudelapsicologa.com\/wp-content\/uploads\/2024\/05\/Carmen-Tudela-Psicologa-2-scaled.webp","width":2560,"height":1707,"caption":"Carmen Tudela Psicologa 2"},{"@type":"BreadcrumbList","@id":"https:\/\/carmentudelapsicologa.com\/index.php\/about\/#breadcrumb","itemListElement":[{"@type":"ListItem","position":1,"name":"Portada","item":"https:\/\/carmentudelapsicologa.com\/"},{"@type":"ListItem","position":2,"name":"Sobre m\u00ed"}]},{"@type":"WebSite","@id":"https:\/\/carmentudelapsicologa.com\/#website","url":"https:\/\/carmentudelapsicologa.com\/","name":"","description":"","potentialAction":[{"@type":"SearchAction","target":{"@type":"EntryPoint","urlTemplate":"https:\/\/carmentudelapsicologa.com\/?s={search_term_string}"},"query-input":"required name=search_term_string"}],"inLanguage":"en-US"}]}},"_links":{"self":[{"href":"https:\/\/carmentudelapsicologa.com\/index.php\/wp-json\/wp\/v2\/pages\/3967"}],"collection":[{"href":"https:\/\/carmentudelapsicologa.com\/index.php\/wp-json\/wp\/v2\/pages"}],"about":[{"href":"https:\/\/carmentudelapsicologa.com\/index.php\/wp-json\/wp\/v2\/types\/page"}],"author":[{"embeddable":true,"href":"https:\/\/carmentudelapsicologa.com\/index.php\/wp-json\/wp\/v2\/users\/1"}],"replies":[{"embeddable":true,"href":"https:\/\/carmentudelapsicologa.com\/index.php\/wp-json\/wp\/v2\/comments?post=3967"}],"version-history":[{"count":42,"href":"https:\/\/carmentudelapsicologa.com\/index.php\/wp-json\/wp\/v2\/pages\/3967\/revisions"}],"predecessor-version":[{"id":4507,"href":"https:\/\/carmentudelapsicologa.com\/index.php\/wp-json\/wp\/v2\/pages\/3967\/revisions\/4507"}],"wp:attachment":[{"href":"https:\/\/carmentudelapsicologa.com\/index.php\/wp-json\/wp\/v2\/media?parent=3967"}],"curies":[{"name":"wp","href":"https:\/\/api.w.org\/{rel}","templated":true}]}}