{"id":3968,"date":"2020-08-31T20:51:25","date_gmt":"2020-08-31T20:51:25","guid":{"rendered":"https:\/\/gpsites.co\/mason\/?page_id=11"},"modified":"2025-12-31T10:54:17","modified_gmt":"2025-12-31T09:54:17","slug":"portfolio","status":"publish","type":"page","link":"https:\/\/carmentudelapsicologa.com\/index.php\/portfolio\/","title":{"rendered":"Servicios"},"content":{"rendered":"<div class=\"gb-container gb-container-3f3a9978\">\n<div class=\"gb-container gb-container-f0225e0e\">\n\n<h1 class=\"gb-headline gb-headline-035c4330 gb-headline-text\">Servicios<\/h1>\n\n<\/div>\n<\/div>\n\n<div class=\"gb-container gb-container-f72eaa43\">\n\n<p class=\"gb-headline gb-headline-4d384b06 gb-headline-text\">descubre nuestros tratamientos<\/p>\n\n\n\n<div class=\"gb-headline gb-headline-571c7292\"><span class=\"gb-icon\"><svg xmlns=\"http:\/\/www.w3.org\/2000\/svg\" viewBox=\"0 0 36.7 3\"><path d=\"M0 0h36.7v3H0z\"><\/path><\/svg><\/span><\/div>\n\n\n<div class=\"gb-container gb-container-99319e75\">\n<div class=\"gb-container gb-container-be87d929\">\n<div class=\"gb-container gb-container-cce57355\">\n\n<div class=\"wp-block-cover alignfull is-light\" style=\"min-height:100vh\"><span aria-hidden=\"true\" class=\"wp-block-cover__background has-background-dim-100 has-background-dim\" style=\"background-color:#ffffff\"><\/span><div class=\"wp-block-cover__inner-container is-layout-flow wp-block-cover-is-layout-flow\">\n<div class=\"wp-block-media-text alignwide is-stacked-on-mobile is-vertically-aligned-center is-image-fill\" style=\"grid-template-columns:51% auto\"><figure class=\"wp-block-media-text__media\" style=\"background-image:url(http:\/\/carmentudelapsicologa.com\/wp-content\/uploads\/2024\/05\/Carmen-Tudela-Psicologa-Terapia-adultos-1024x560.webp);background-position:50% 50%\"><img loading=\"lazy\" decoding=\"async\" width=\"1024\" height=\"560\" src=\"http:\/\/carmentudelapsicologa.com\/wp-content\/uploads\/2024\/05\/Carmen-Tudela-Psicologa-Terapia-adultos-1024x560.webp\" alt=\"Carmen Tudela psicologa terapia adultos\" class=\"wp-image-4219 size-full\" srcset=\"https:\/\/carmentudelapsicologa.com\/wp-content\/uploads\/2024\/05\/Carmen-Tudela-Psicologa-Terapia-adultos-1024x560.webp 1024w, https:\/\/carmentudelapsicologa.com\/wp-content\/uploads\/2024\/05\/Carmen-Tudela-Psicologa-Terapia-adultos-300x164.webp 300w, https:\/\/carmentudelapsicologa.com\/wp-content\/uploads\/2024\/05\/Carmen-Tudela-Psicologa-Terapia-adultos-768x420.webp 768w, https:\/\/carmentudelapsicologa.com\/wp-content\/uploads\/2024\/05\/Carmen-Tudela-Psicologa-Terapia-adultos.webp 1400w\" sizes=\"(max-width: 1024px) 100vw, 1024px\" \/><\/figure><div class=\"wp-block-media-text__content\">\n<h2 class=\"wp-block-heading has-text-color\" style=\"color:#000000;font-size:32px\"><strong>Terapia adultos<\/strong><\/h2>\n\n\n\n<p class=\"has-text-color\" style=\"color:#000000;font-size:17px\">Es un proceso de comunicaci\u00f3n entre un\/a&nbsp; psic\u00f3log@ y una persona que necesite ayuda&nbsp; para abordar los problemas tanto emocionales, como relacionales, como mentales. <\/p>\n\n\n\n<p class=\"has-text-color\" style=\"color:#000000;font-size:17px\">Aspectos que podemos abordar:<\/p>\n\n\n\n<ul>\n<li>El manejo del estr\u00e9s y la ansiedad.<\/li>\n\n\n\n<li>Estados depresivos.<\/li>\n\n\n\n<li>Relaciones interpersonales.<\/li>\n\n\n\n<li>Manejo de la Ira.<\/li>\n\n\n\n<li>Autoestima y autoaceptaci\u00f3n.<\/li>\n\n\n\n<li>Dependencia emocional.<\/li>\n<\/ul>\n<\/div><\/div>\n\n\n\n<div style=\"height:80px\" aria-hidden=\"true\" class=\"wp-block-spacer\"><\/div>\n\n\n\n<div class=\"wp-block-media-text alignwide has-media-on-the-right is-stacked-on-mobile is-vertically-aligned-center is-image-fill\" style=\"grid-template-columns:auto 45%\"><div class=\"wp-block-media-text__content\">\n<h2 class=\"wp-block-heading has-text-color\" style=\"color:#000000;font-size:32px\"><strong>Terapia j\u00f3venes<\/strong><\/h2>\n\n\n\n<p class=\"has-text-color\" style=\"color:#000000;font-size:17px\">Es un proceso en el que un\/a psic\u00f3log@ te ayuda y te gu\u00eda&nbsp; en&nbsp; abordar los desaf\u00edos a los que se enfrentan los&nbsp; j\u00f3venes en la transici\u00f3n a la edad adulta.<\/p>\n\n\n\n<p>Aspectos que podemos abordar:<\/p>\n\n\n\n<ul>\n<li>Ansiedad y estr\u00e9s relacionado con le rendimiento.<\/li>\n\n\n\n<li>Estados depresivos.<\/li>\n\n\n\n<li>Problemas familiares.<\/li>\n\n\n\n<li>Problemas de identidad.<\/li>\n\n\n\n<li>Manejo de relaciones interpersonales.<\/li>\n<\/ul>\n<\/div><figure class=\"wp-block-media-text__media\" style=\"background-image:url(http:\/\/carmentudelapsicologa.com\/wp-content\/uploads\/2024\/05\/Carmen-Tudela-Psicologa-jovenes-1024x771.webp);background-position:50% 50%\"><img loading=\"lazy\" decoding=\"async\" width=\"1024\" height=\"771\" src=\"http:\/\/carmentudelapsicologa.com\/wp-content\/uploads\/2024\/05\/Carmen-Tudela-Psicologa-jovenes-1024x771.webp\" alt=\"Carmen Tudela Psicologa jovenes\" class=\"wp-image-4216 size-full\" srcset=\"https:\/\/carmentudelapsicologa.com\/wp-content\/uploads\/2024\/05\/Carmen-Tudela-Psicologa-jovenes-1024x771.webp 1024w, https:\/\/carmentudelapsicologa.com\/wp-content\/uploads\/2024\/05\/Carmen-Tudela-Psicologa-jovenes-300x226.webp 300w, https:\/\/carmentudelapsicologa.com\/wp-content\/uploads\/2024\/05\/Carmen-Tudela-Psicologa-jovenes-768x578.webp 768w, https:\/\/carmentudelapsicologa.com\/wp-content\/uploads\/2024\/05\/Carmen-Tudela-Psicologa-jovenes-1536x1157.webp 1536w, https:\/\/carmentudelapsicologa.com\/wp-content\/uploads\/2024\/05\/Carmen-Tudela-Psicologa-jovenes-2048x1543.webp 2048w\" sizes=\"(max-width: 1024px) 100vw, 1024px\" \/><\/figure><\/div>\n\n\n\n<div style=\"height:80px\" aria-hidden=\"true\" class=\"wp-block-spacer\"><\/div>\n\n\n\n<div class=\"wp-block-media-text alignwide is-stacked-on-mobile is-vertically-aligned-center is-image-fill\" style=\"grid-template-columns:45% auto\"><figure class=\"wp-block-media-text__media\" style=\"background-image:url(http:\/\/carmentudelapsicologa.com\/wp-content\/uploads\/2023\/12\/Terapia-online-Carmen-tudela-1024x683.jpg);background-position:50% 50%\"><img loading=\"lazy\" decoding=\"async\" width=\"1024\" height=\"683\" src=\"http:\/\/carmentudelapsicologa.com\/wp-content\/uploads\/2023\/12\/Terapia-online-Carmen-tudela-1024x683.jpg\" alt=\"\" class=\"wp-image-4113 size-full\" srcset=\"https:\/\/carmentudelapsicologa.com\/wp-content\/uploads\/2023\/12\/Terapia-online-Carmen-tudela-1024x683.jpg 1024w, https:\/\/carmentudelapsicologa.com\/wp-content\/uploads\/2023\/12\/Terapia-online-Carmen-tudela-300x200.jpg 300w, https:\/\/carmentudelapsicologa.com\/wp-content\/uploads\/2023\/12\/Terapia-online-Carmen-tudela-768x512.jpg 768w, https:\/\/carmentudelapsicologa.com\/wp-content\/uploads\/2023\/12\/Terapia-online-Carmen-tudela.jpg 1344w\" sizes=\"(max-width: 1024px) 100vw, 1024px\" \/><\/figure><div class=\"wp-block-media-text__content\">\n<h2 class=\"wp-block-heading has-text-color\" style=\"color:#000000;font-size:32px\"><strong>Coaching individual<\/strong><\/h2>\n\n\n\n<p class=\"has-text-color\" style=\"color:#000000;font-size:17px\">Es un proceso de colaboraci\u00f3n donde el\/la coach gu\u00eda a una persona para clarificar sus metas y trazar un camino hacia su consecuci\u00f3n. Se trabaja en identificar y superar barreras, mejorar habilidades y mantener la motivaci\u00f3n. <\/p>\n\n\n\n<p>Aspectos que podemos abordar:<\/p>\n\n\n\n<ul>\n<li>Mejorar la toma de decisiones.<\/li>\n\n\n\n<li>Superar obst\u00e1culos.<\/li>\n\n\n\n<li>Alcanzar objetivos.<\/li>\n\n\n\n<li>Adquirir habilidades espec\u00edficas.<\/li>\n\n\n\n<li>Mantenerse enfocado para conseguir tus metas.<\/li>\n\n\n\n<li>Mantenerse motivado para lograr tus resultados.<\/li>\n<\/ul>\n<\/div><\/div>\n<\/div><\/div>\n\n<\/div>\n<\/div>\n<\/div>\n<\/div>\n\n\n<div class=\"wp-block-group alignfull has-accent-2-2-background-color has-background is-layout-flow wp-block-group-is-layout-flow\" style=\"padding-top:6vw;padding-right:6vw;padding-bottom:6vw;padding-left:6vw\"><div class=\"wp-block-group__inner-container\">\n<div class=\"wp-block-group is-vertical is-nowrap is-layout-flex wp-container-core-group-layout-1 wp-block-group-is-layout-flex\" style=\"padding-right:0;padding-left:0\">\n<h6 class=\"wp-block-heading has-text-color\" id=\"ecosystem\" style=\"color:#000000;font-size:16px\">PSICOLOG\u00cdA<\/h6>\n\n\n\n<p class=\"has-text-color\" style=\"color:#000000;font-size:6vw;font-style:normal;font-weight:700;letter-spacing:0px;line-height:0.9;text-decoration:none;text-transform:none\">Terapia online<\/p>\n\n\n\n<h2 class=\"gb-headline gb-headline-ee98609c gb-headline-text\"><\/h2>\n<\/div>\n\n\n\n<div style=\"height:1vw\" aria-hidden=\"true\" class=\"wp-block-spacer\"><\/div>\n\n\n\n<div class=\"wp-block-group alignwide is-vertical is-nowrap is-layout-flex wp-container-core-group-layout-2 wp-block-group-is-layout-flex\" style=\"padding-top:0;padding-right:0;padding-bottom:0;padding-left:0\">\n<div class=\"wp-block-columns alignwide is-layout-flex wp-container-core-columns-layout-1 wp-block-columns-is-layout-flex\">\n<div class=\"wp-block-column is-layout-flow wp-block-column-is-layout-flow\" style=\"flex-basis:33.38%\">\n<p>El proceso de la terapia online sigue el mismo enfoque que la terapia individual para adultos y j\u00f3venes, con la diferencia de que se realiza a trav\u00e9s de un medio virtual (<strong>ordenador o tablet<\/strong>). Utilizamos la plataforma <strong>Psypocket<\/strong>, exclusiva para psic\u00f3logos y proporcionada por el Consejo General de la Psicolog\u00eda. Esta plataforma cumple con la legislaci\u00f3n vigente sobre protecci\u00f3n de la privacidad, garantizando un entorno seguro y confidencial.<\/p>\n<\/div>\n\n\n\n<div class=\"wp-block-column is-layout-flow wp-block-column-is-layout-flow\" style=\"flex-basis:33%\">\n<div style=\"height:2vw\" aria-hidden=\"true\" class=\"wp-block-spacer\"><\/div>\n\n\n\n<figure class=\"wp-block-image size-large\"><img loading=\"lazy\" decoding=\"async\" width=\"768\" height=\"1024\" src=\"https:\/\/carmentudelapsicologa.com\/wp-content\/uploads\/2024\/05\/Carmen-Tudela-Psicologa-terapia-online-personalizada-768x1024.webp\" alt=\"\" class=\"wp-image-4440\" srcset=\"https:\/\/carmentudelapsicologa.com\/wp-content\/uploads\/2024\/05\/Carmen-Tudela-Psicologa-terapia-online-personalizada-768x1024.webp 768w, https:\/\/carmentudelapsicologa.com\/wp-content\/uploads\/2024\/05\/Carmen-Tudela-Psicologa-terapia-online-personalizada-225x300.webp 225w, https:\/\/carmentudelapsicologa.com\/wp-content\/uploads\/2024\/05\/Carmen-Tudela-Psicologa-terapia-online-personalizada-1152x1536.webp 1152w, https:\/\/carmentudelapsicologa.com\/wp-content\/uploads\/2024\/05\/Carmen-Tudela-Psicologa-terapia-online-personalizada-1536x2048.webp 1536w, https:\/\/carmentudelapsicologa.com\/wp-content\/uploads\/2024\/05\/Carmen-Tudela-Psicologa-terapia-online-personalizada-scaled.webp 1920w\" sizes=\"(max-width: 768px) 100vw, 768px\" \/><\/figure>\n<\/div>\n\n\n\n<div class=\"wp-block-column is-layout-flow wp-block-column-is-layout-flow\" style=\"flex-basis:33.62%\">\n<figure class=\"wp-block-image size-full is-resized\"><img loading=\"lazy\" decoding=\"async\" width=\"800\" height=\"534\" src=\"https:\/\/carmentudelapsicologa.com\/wp-content\/uploads\/2024\/05\/Carmen-Tudela-terapia-online.webp\" alt=\"\" class=\"wp-image-4434\" style=\"width:425px;height:auto\" srcset=\"https:\/\/carmentudelapsicologa.com\/wp-content\/uploads\/2024\/05\/Carmen-Tudela-terapia-online.webp 800w, https:\/\/carmentudelapsicologa.com\/wp-content\/uploads\/2024\/05\/Carmen-Tudela-terapia-online-300x200.webp 300w, https:\/\/carmentudelapsicologa.com\/wp-content\/uploads\/2024\/05\/Carmen-Tudela-terapia-online-768x513.webp 768w\" sizes=\"(max-width: 800px) 100vw, 800px\" \/><\/figure>\n<\/div>\n<\/div>\n\n\n<div class=\"gb-container gb-container-787d9fc2\">\n\n<h3 class=\"gb-headline gb-headline-6f853375 gb-headline-text\"><strong>C\u00f3mo funciona<\/strong><\/h3>\n\n<\/div>\n\n\n<div class=\"wp-block-columns is-layout-flex wp-container-core-columns-layout-2 wp-block-columns-is-layout-flex\">\n<div class=\"wp-block-column is-layout-flow wp-block-column-is-layout-flow\">\n<p>1. <strong>Contacto Inicial<\/strong>:<\/p>\n\n\n\n<p>Cont\u00e1ctame por tel\u00e9fono o WhatsApp, evaluaremos si tu caso puede tratarse online y recibir\u00e1s un correo con tus datos de acceso a la plataforma.<\/p>\n<\/div>\n\n\n\n<div class=\"wp-block-column is-layout-flow wp-block-column-is-layout-flow\">\n<p>2. <strong>El D\u00eda de la Sesi\u00f3n:<\/strong><\/p>\n\n\n\n<p>Busca un lugar tranquilo con internet, usa tu ordenador, tablet o tel\u00e9fono y espera mi llamada a la hora acordada.<\/p>\n<\/div>\n\n\n\n<div class=\"wp-block-column is-layout-flow wp-block-column-is-layout-flow\">\n<p>3. <strong>Flexibilidad y precios<\/strong><\/p>\n\n\n\n<p>Podemos programar sesiones los fines de semana si trabajas durante la semana; el precio es de 80 euros por 50 minutos y puedes pagar mediante Bizum, PayPal o transferencia bancaria o tarjeta.<\/p>\n<\/div>\n<\/div>\n\n\n\n<div style=\"height:40px\" aria-hidden=\"true\" class=\"wp-block-spacer wp-container-content-1\"><\/div>\n<\/div>\n\n\n\n<blockquote class=\"wp-block-quote\">\n<p class=\"has-medium-font-size\">\u201cLa terapia online ofrece una manera conveniente, accesible y efectiva de<br>cuidar tu salud mental y emocional, permiti\u00e9ndote acceder a la ayuda que<br>necesitas desde cualquier lugar y en cualquier momento que te resulte m\u00e1s<br>conveniente.&#8221;<\/p>\n<cite><a href=\"https:\/\/carmentudelapsicologa.com\/index.php\/about\/\">Carmen Tudela.<\/a><\/cite><\/blockquote>\n<\/div><\/div>\n","protected":false},"excerpt":{"rendered":"<p>Servicios descubre nuestros tratamientos PSICOLOG\u00cdA Terapia online El proceso de la terapia online sigue el mismo enfoque que la terapia individual para adultos y j\u00f3venes, con la diferencia de que se realiza a trav\u00e9s de un medio virtual (ordenador o tablet). Utilizamos la plataforma Psypocket, exclusiva para psic\u00f3logos y proporcionada por el Consejo General de &#8230; <a title=\"Servicios\" class=\"read-more\" href=\"https:\/\/carmentudelapsicologa.com\/index.php\/portfolio\/\" aria-label=\"More on Servicios\">Read more<\/a><\/p>\n","protected":false},"author":1,"featured_media":0,"parent":0,"menu_order":0,"comment_status":"closed","ping_status":"closed","template":"","meta":{"footnotes":""},"yoast_head":"<!-- This site is optimized with the Yoast SEO plugin v22.8 - https:\/\/yoast.com\/wordpress\/plugins\/seo\/ -->\n<title>Servicios - Carmen Tudela Psic\u00f3loga<\/title>\n<meta name=\"description\" content=\"Descubre los servicios de Carmen Tudela Psic\u00f3loga: terapia adultos, j\u00f3venes y coaching individual para mejorar tu bienestar.\" \/>\n<meta name=\"robots\" content=\"index, follow, max-snippet:-1, max-image-preview:large, max-video-preview:-1\" \/>\n<link rel=\"canonical\" href=\"https:\/\/carmentudelapsicologa.com\/index.php\/portfolio\/\" \/>\n<meta property=\"og:locale\" content=\"en_US\" \/>\n<meta property=\"og:type\" content=\"article\" \/>\n<meta property=\"og:title\" content=\"Servicios - Carmen Tudela Psic\u00f3loga\" \/>\n<meta property=\"og:description\" content=\"Descubre los servicios de Carmen Tudela Psic\u00f3loga: terapia adultos, j\u00f3venes y coaching individual para mejorar tu bienestar.\" \/>\n<meta property=\"og:url\" content=\"https:\/\/carmentudelapsicologa.com\/index.php\/portfolio\/\" \/>\n<meta property=\"article:modified_time\" content=\"2025-12-31T09:54:17+00:00\" \/>\n<meta property=\"og:image\" content=\"http:\/\/carmentudelapsicologa.com\/wp-content\/uploads\/2024\/05\/Carmen-Tudela-Psicologa-Terapia-adultos-1024x560.webp\" \/>\n<meta name=\"twitter:card\" content=\"summary_large_image\" \/>\n<meta name=\"twitter:label1\" content=\"Est. reading time\" \/>\n\t<meta name=\"twitter:data1\" content=\"3 minutes\" \/>\n<script type=\"application\/ld+json\" class=\"yoast-schema-graph\">{\"@context\":\"https:\/\/schema.org\",\"@graph\":[{\"@type\":\"WebPage\",\"@id\":\"https:\/\/carmentudelapsicologa.com\/index.php\/portfolio\/\",\"url\":\"https:\/\/carmentudelapsicologa.com\/index.php\/portfolio\/\",\"name\":\"Servicios - Carmen Tudela Psic\u00f3loga\",\"isPartOf\":{\"@id\":\"https:\/\/carmentudelapsicologa.com\/#website\"},\"primaryImageOfPage\":{\"@id\":\"https:\/\/carmentudelapsicologa.com\/index.php\/portfolio\/#primaryimage\"},\"image\":{\"@id\":\"https:\/\/carmentudelapsicologa.com\/index.php\/portfolio\/#primaryimage\"},\"thumbnailUrl\":\"http:\/\/carmentudelapsicologa.com\/wp-content\/uploads\/2024\/05\/Carmen-Tudela-Psicologa-Terapia-adultos-1024x560.webp\",\"datePublished\":\"2020-08-31T20:51:25+00:00\",\"dateModified\":\"2025-12-31T09:54:17+00:00\",\"description\":\"Descubre los servicios de Carmen Tudela Psic\u00f3loga: terapia adultos, j\u00f3venes y coaching individual para mejorar tu bienestar.\",\"breadcrumb\":{\"@id\":\"https:\/\/carmentudelapsicologa.com\/index.php\/portfolio\/#breadcrumb\"},\"inLanguage\":\"en-US\",\"potentialAction\":[{\"@type\":\"ReadAction\",\"target\":[\"https:\/\/carmentudelapsicologa.com\/index.php\/portfolio\/\"]}]},{\"@type\":\"ImageObject\",\"inLanguage\":\"en-US\",\"@id\":\"https:\/\/carmentudelapsicologa.com\/index.php\/portfolio\/#primaryimage\",\"url\":\"https:\/\/carmentudelapsicologa.com\/wp-content\/uploads\/2024\/05\/Carmen-Tudela-Psicologa-Terapia-adultos.webp\",\"contentUrl\":\"https:\/\/carmentudelapsicologa.com\/wp-content\/uploads\/2024\/05\/Carmen-Tudela-Psicologa-Terapia-adultos.webp\",\"width\":1400,\"height\":766},{\"@type\":\"BreadcrumbList\",\"@id\":\"https:\/\/carmentudelapsicologa.com\/index.php\/portfolio\/#breadcrumb\",\"itemListElement\":[{\"@type\":\"ListItem\",\"position\":1,\"name\":\"Portada\",\"item\":\"https:\/\/carmentudelapsicologa.com\/\"},{\"@type\":\"ListItem\",\"position\":2,\"name\":\"Servicios\"}]},{\"@type\":\"WebSite\",\"@id\":\"https:\/\/carmentudelapsicologa.com\/#website\",\"url\":\"https:\/\/carmentudelapsicologa.com\/\",\"name\":\"\",\"description\":\"\",\"potentialAction\":[{\"@type\":\"SearchAction\",\"target\":{\"@type\":\"EntryPoint\",\"urlTemplate\":\"https:\/\/carmentudelapsicologa.com\/?s={search_term_string}\"},\"query-input\":\"required name=search_term_string\"}],\"inLanguage\":\"en-US\"}]}<\/script>\n<!-- \/ Yoast SEO plugin. -->","yoast_head_json":{"title":"Servicios - Carmen Tudela Psic\u00f3loga","description":"Descubre los servicios de Carmen Tudela Psic\u00f3loga: terapia adultos, j\u00f3venes y coaching individual para mejorar tu bienestar.","robots":{"index":"index","follow":"follow","max-snippet":"max-snippet:-1","max-image-preview":"max-image-preview:large","max-video-preview":"max-video-preview:-1"},"canonical":"https:\/\/carmentudelapsicologa.com\/index.php\/portfolio\/","og_locale":"en_US","og_type":"article","og_title":"Servicios - Carmen Tudela Psic\u00f3loga","og_description":"Descubre los servicios de Carmen Tudela Psic\u00f3loga: terapia adultos, j\u00f3venes y coaching individual para mejorar tu bienestar.","og_url":"https:\/\/carmentudelapsicologa.com\/index.php\/portfolio\/","article_modified_time":"2025-12-31T09:54:17+00:00","og_image":[{"url":"http:\/\/carmentudelapsicologa.com\/wp-content\/uploads\/2024\/05\/Carmen-Tudela-Psicologa-Terapia-adultos-1024x560.webp"}],"twitter_card":"summary_large_image","twitter_misc":{"Est. reading time":"3 minutes"},"schema":{"@context":"https:\/\/schema.org","@graph":[{"@type":"WebPage","@id":"https:\/\/carmentudelapsicologa.com\/index.php\/portfolio\/","url":"https:\/\/carmentudelapsicologa.com\/index.php\/portfolio\/","name":"Servicios - Carmen Tudela Psic\u00f3loga","isPartOf":{"@id":"https:\/\/carmentudelapsicologa.com\/#website"},"primaryImageOfPage":{"@id":"https:\/\/carmentudelapsicologa.com\/index.php\/portfolio\/#primaryimage"},"image":{"@id":"https:\/\/carmentudelapsicologa.com\/index.php\/portfolio\/#primaryimage"},"thumbnailUrl":"http:\/\/carmentudelapsicologa.com\/wp-content\/uploads\/2024\/05\/Carmen-Tudela-Psicologa-Terapia-adultos-1024x560.webp","datePublished":"2020-08-31T20:51:25+00:00","dateModified":"2025-12-31T09:54:17+00:00","description":"Descubre los servicios de Carmen Tudela Psic\u00f3loga: terapia adultos, j\u00f3venes y coaching individual para mejorar tu bienestar.","breadcrumb":{"@id":"https:\/\/carmentudelapsicologa.com\/index.php\/portfolio\/#breadcrumb"},"inLanguage":"en-US","potentialAction":[{"@type":"ReadAction","target":["https:\/\/carmentudelapsicologa.com\/index.php\/portfolio\/"]}]},{"@type":"ImageObject","inLanguage":"en-US","@id":"https:\/\/carmentudelapsicologa.com\/index.php\/portfolio\/#primaryimage","url":"https:\/\/carmentudelapsicologa.com\/wp-content\/uploads\/2024\/05\/Carmen-Tudela-Psicologa-Terapia-adultos.webp","contentUrl":"https:\/\/carmentudelapsicologa.com\/wp-content\/uploads\/2024\/05\/Carmen-Tudela-Psicologa-Terapia-adultos.webp","width":1400,"height":766},{"@type":"BreadcrumbList","@id":"https:\/\/carmentudelapsicologa.com\/index.php\/portfolio\/#breadcrumb","itemListElement":[{"@type":"ListItem","position":1,"name":"Portada","item":"https:\/\/carmentudelapsicologa.com\/"},{"@type":"ListItem","position":2,"name":"Servicios"}]},{"@type":"WebSite","@id":"https:\/\/carmentudelapsicologa.com\/#website","url":"https:\/\/carmentudelapsicologa.com\/","name":"","description":"","potentialAction":[{"@type":"SearchAction","target":{"@type":"EntryPoint","urlTemplate":"https:\/\/carmentudelapsicologa.com\/?s={search_term_string}"},"query-input":"required name=search_term_string"}],"inLanguage":"en-US"}]}},"_links":{"self":[{"href":"https:\/\/carmentudelapsicologa.com\/index.php\/wp-json\/wp\/v2\/pages\/3968"}],"collection":[{"href":"https:\/\/carmentudelapsicologa.com\/index.php\/wp-json\/wp\/v2\/pages"}],"about":[{"href":"https:\/\/carmentudelapsicologa.com\/index.php\/wp-json\/wp\/v2\/types\/page"}],"author":[{"embeddable":true,"href":"https:\/\/carmentudelapsicologa.com\/index.php\/wp-json\/wp\/v2\/users\/1"}],"replies":[{"embeddable":true,"href":"https:\/\/carmentudelapsicologa.com\/index.php\/wp-json\/wp\/v2\/comments?post=3968"}],"version-history":[{"count":70,"href":"https:\/\/carmentudelapsicologa.com\/index.php\/wp-json\/wp\/v2\/pages\/3968\/revisions"}],"predecessor-version":[{"id":4540,"href":"https:\/\/carmentudelapsicologa.com\/index.php\/wp-json\/wp\/v2\/pages\/3968\/revisions\/4540"}],"wp:attachment":[{"href":"https:\/\/carmentudelapsicologa.com\/index.php\/wp-json\/wp\/v2\/media?parent=3968"}],"curies":[{"name":"wp","href":"https:\/\/api.w.org\/{rel}","templated":true}]}}