{"id":3970,"date":"2020-08-31T20:51:48","date_gmt":"2020-08-31T20:51:48","guid":{"rendered":"https:\/\/gpsites.co\/mason\/?page_id=15"},"modified":"2024-06-17T00:40:36","modified_gmt":"2024-06-16T22:40:36","slug":"contact","status":"publish","type":"page","link":"https:\/\/carmentudelapsicologa.com\/index.php\/contact\/","title":{"rendered":"Contacto"},"content":{"rendered":"<div class=\"gb-container gb-container-b70fbd36\">\n<div class=\"gb-container gb-container-191a2b18\">\n\n<h2 class=\"gb-headline gb-headline-4fdc7f80 gb-headline-text\">Cont\u00e1ctenos para empezar<\/h2>\n\n\n\n<div class=\"gb-headline gb-headline-d9e007a8\"><span class=\"gb-icon\"><svg viewBox=\"0 0 36.7 3\" xmlns=\"http:\/\/www.w3.org\/2000\/svg\"><path d=\"M0 0h36.7v3H0z\"><\/path><\/svg><\/span><\/div>\n\n\n\n<p>Descubre tu potencial y adquiere conciencia con mi apoyo psicol\u00f3gico. Estoy aqu\u00ed para acompa\u00f1arte en el camino hacia tu empoderamiento. <strong>Escr\u00edbeme un WhatsApp o ll\u00e1mame para comenzar este viaje juntos.<\/strong><\/p>\n\n\n\n<p class=\"gb-headline gb-headline-5bb0a2ed gb-headline-text\">Calle Casa alta 34, 35649 Tindaya La Oliva Las Palmas<\/p>\n\n\n\n<p class=\"gb-headline gb-headline-c8d685ab gb-headline-text\">TEL 606 99 83 33<\/p>\n\n\n\n<a class=\"gb-button gb-button-199e0268\" href=\"https:\/\/wa.me\/34606998333\/?text =Hola%2C%20necesito%20hacer%20una%20consulta.\"><span class=\"gb-icon\"><svg aria-hidden=\"true\" role=\"img\" height=\"1em\" width=\"1em\" viewBox=\"0 0 448 512\" xmlns=\"http:\/\/www.w3.org\/2000\/svg\"><path fill=\"currentColor\" d=\"M380.9 97.1C339 55.1 283.2 32 223.9 32c-122.4 0-222 99.6-222 222 0 39.1 10.2 77.3 29.6 111L0 480l117.7-30.9c32.4 17.7 68.9 27 106.1 27h.1c122.3 0 224.1-99.6 224.1-222 0-59.3-25.2-115-67.1-157zm-157 341.6c-33.2 0-65.7-8.9-94-25.7l-6.7-4-69.8 18.3L72 359.2l-4.4-7c-18.5-29.4-28.2-63.3-28.2-98.2 0-101.7 82.8-184.5 184.6-184.5 49.3 0 95.6 19.2 130.4 54.1 34.8 34.9 56.2 81.2 56.1 130.5 0 101.8-84.9 184.6-186.6 184.6zm101.2-138.2c-5.5-2.8-32.8-16.2-37.9-18-5.1-1.9-8.8-2.8-12.5 2.8-3.7 5.6-14.3 18-17.6 21.8-3.2 3.7-6.5 4.2-12 1.4-32.6-16.3-54-29.1-75.5-66-5.7-9.8 5.7-9.1 16.3-30.3 1.8-3.7.9-6.9-.5-9.7-1.4-2.8-12.5-30.1-17.1-41.2-4.5-10.8-9.1-9.3-12.5-9.5-3.2-.2-6.9-.2-10.6-.2-3.7 0-9.7 1.4-14.8 6.9-5.1 5.6-19.4 19-19.4 46.3 0 27.3 19.9 53.7 22.6 57.4 2.8 3.7 39.1 59.7 94.8 83.8 35.2 15.2 49 16.5 66.6 13.9 10.7-1.6 32.8-13.4 37.4-26.4 4.6-13 4.6-24.1 3.2-26.4-1.3-2.5-5-3.9-10.5-6.6z\"><\/path><\/svg><\/span><\/a>\n\n\n\n<a class=\"gb-button gb-button-0978d9c3\" href=\"mailto:carmentudelapsicologa@gmail.com\"><span class=\"gb-icon\"><svg aria-hidden=\"true\" role=\"img\" height=\"1em\" width=\"1em\" viewBox=\"0 0 512 512\" xmlns=\"http:\/\/www.w3.org\/2000\/svg\"><path fill=\"currentColor\" d=\"M464 64H48C21.49 64 0 85.49 0 112v288c0 26.51 21.49 48 48 48h416c26.51 0 48-21.49 48-48V112c0-26.51-21.49-48-48-48zm0 48v40.805c-22.422 18.259-58.168 46.651-134.587 106.49-16.841 13.247-50.201 45.072-73.413 44.701-23.208.375-56.579-31.459-73.413-44.701C106.18 199.465 70.425 171.067 48 152.805V112h416zM48 400V214.398c22.914 18.251 55.409 43.862 104.938 82.646 21.857 17.205 60.134 55.186 103.062 54.955 42.717.231 80.509-37.199 103.053-54.947 49.528-38.783 82.032-64.401 104.947-82.653V400H48z\"><\/path><\/svg><\/span><\/a>\n\n\n\n<a class=\"gb-button gb-button-17609bb6\" href=\"https:\/\/www.instagram.com\/carmentudela_psicologa\/\"><span class=\"gb-icon\"><svg aria-hidden=\"true\" height=\"1em\" width=\"1em\" viewBox=\"0 0 448 512\" xmlns=\"http:\/\/www.w3.org\/2000\/svg\"><path fill=\"currentColor\" d=\"M224.1 141c-63.6 0-114.9 51.3-114.9 114.9s51.3 114.9 114.9 114.9S339 319.5 339 255.9 287.7 141 224.1 141zm0 189.6c-41.1 0-74.7-33.5-74.7-74.7s33.5-74.7 74.7-74.7 74.7 33.5 74.7 74.7-33.6 74.7-74.7 74.7zm146.4-194.3c0 14.9-12 26.8-26.8 26.8-14.9 0-26.8-12-26.8-26.8s12-26.8 26.8-26.8 26.8 12 26.8 26.8zm76.1 27.2c-1.7-35.9-9.9-67.7-36.2-93.9-26.2-26.2-58-34.4-93.9-36.2-37-2.1-147.9-2.1-184.9 0-35.8 1.7-67.6 9.9-93.9 36.1s-34.4 58-36.2 93.9c-2.1 37-2.1 147.9 0 184.9 1.7 35.9 9.9 67.7 36.2 93.9s58 34.4 93.9 36.2c37 2.1 147.9 2.1 184.9 0 35.9-1.7 67.7-9.9 93.9-36.2 26.2-26.2 34.4-58 36.2-93.9 2.1-37 2.1-147.8 0-184.8zM398.8 388c-7.8 19.6-22.9 34.7-42.6 42.6-29.5 11.7-99.5 9-132.1 9s-102.7 2.6-132.1-9c-19.6-7.8-34.7-22.9-42.6-42.6-11.7-29.5-9-99.5-9-132.1s-2.6-102.7 9-132.1c7.8-19.6 22.9-34.7 42.6-42.6 29.5-11.7 99.5-9 132.1-9s102.7-2.6 132.1 9c19.6 7.8 34.7 22.9 42.6 42.6 11.7 29.5 9 99.5 9 132.1s2.7 102.7-9 132.1z\"><\/path><\/svg><\/span><\/a>\n\n<\/div>\n\n<div class=\"gb-container gb-container-4ccded7c\">\n\n<figure class=\"wp-block-image size-full left-border img\"><img loading=\"lazy\" decoding=\"async\" width=\"2560\" height=\"1707\" src=\"https:\/\/carmentudelapsicologa.com\/wp-content\/uploads\/2024\/05\/Sunlit-Cafe-Conversation-scaled.webp\" alt=\"Contacto Carmen Tudela Psicologa\" class=\"wp-image-4263\" srcset=\"https:\/\/carmentudelapsicologa.com\/wp-content\/uploads\/2024\/05\/Sunlit-Cafe-Conversation-scaled.webp 2560w, https:\/\/carmentudelapsicologa.com\/wp-content\/uploads\/2024\/05\/Sunlit-Cafe-Conversation-300x200.webp 300w, https:\/\/carmentudelapsicologa.com\/wp-content\/uploads\/2024\/05\/Sunlit-Cafe-Conversation-1024x683.webp 1024w, https:\/\/carmentudelapsicologa.com\/wp-content\/uploads\/2024\/05\/Sunlit-Cafe-Conversation-768x512.webp 768w, https:\/\/carmentudelapsicologa.com\/wp-content\/uploads\/2024\/05\/Sunlit-Cafe-Conversation-1536x1024.webp 1536w, https:\/\/carmentudelapsicologa.com\/wp-content\/uploads\/2024\/05\/Sunlit-Cafe-Conversation-2048x1365.webp 2048w\" sizes=\"(max-width: 2560px) 100vw, 2560px\" \/><\/figure>\n\n<\/div>\n<\/div>\n\n<div class=\"gb-container gb-container-59bf40dd\">\n<div class=\"gb-container gb-container-6dd50419\">\n\n<p class=\"gb-headline gb-headline-ee24c0ab\"><span class=\"gb-icon\"><svg aria-hidden=\"true\" role=\"img\" height=\"1em\" width=\"1em\" viewBox=\"0 0 512 512\" xmlns=\"http:\/\/www.w3.org\/2000\/svg\"><path fill=\"currentColor\" d=\"M464 64H48C21.49 64 0 85.49 0 112v288c0 26.51 21.49 48 48 48h416c26.51 0 48-21.49 48-48V112c0-26.51-21.49-48-48-48zm0 48v40.805c-22.422 18.259-58.168 46.651-134.587 106.49-16.841 13.247-50.201 45.072-73.413 44.701-23.208.375-56.579-31.459-73.413-44.701C106.18 199.465 70.425 171.067 48 152.805V112h416zM48 400V214.398c22.914 18.251 55.409 43.862 104.938 82.646 21.857 17.205 60.134 55.186 103.062 54.955 42.717.231 80.509-37.199 103.053-54.947 49.528-38.783 82.032-64.401 104.947-82.653V400H48z\"><\/path><\/svg><\/span><span class=\"gb-headline-text\">contactar<\/span><\/p>\n\n\n\n<div class=\"gb-headline gb-headline-0062cb60\"><span class=\"gb-icon\"><svg viewBox=\"0 0 36.7 3\" xmlns=\"http:\/\/www.w3.org\/2000\/svg\"><path d=\"M0 0h36.7v3H0z\"><\/path><\/svg><\/span><\/div>\n\n\n\n<div class=\"gb-headline gb-headline-d6c4f863 gb-headline-text\"><em><!-- HTML Forms v1.3.31 - https:\/\/wordpress.org\/plugins\/html-forms\/ --><form method=\"post\"  class=\"hf-form hf-form-4251 \" data-id=\"4251\" data-title=\"Contact form\" data-slug=\"contact-form\" data-message-success=\"Muchas gracias. Pronto nos pondremos en contacto contigo.\" data-message-invalid-email=\"Lo siento, esa direcci\u00f3n de correo electr\u00f3nico no parece v\u00e1lida.\" data-message-required-field-missing=\"Rellena los campos obligatorios.\" data-message-error=\"Vaya. Se ha producido un error.\"><input type=\"hidden\" name=\"_hf_form_id\" value=\"4251\" \/><div style=\"display: none;\"><input type=\"text\" name=\"_hf_h4251\" value=\"\" \/><\/div><div class=\"hf-fields-wrap\"><div class=\"wpf-html-form\">\r\n  <p>\r\n\t<input type=\"text\" name=\"NOMBRE\" placeholder=\"Nombre *\" required \/>\r\n<\/p>\r\n<p>\r\n\t<input type=\"email\" name=\"EMAIL\" placeholder=\"Correo electr\u00f3nico  *\" required \/>\r\n<\/p>\r\n<p>\r\n\t<input type=\"text\" name=\"SUBJECT\" placeholder=\"Asunto  *\" required \/>\r\n<\/p>\r\n<p>\r\n\t<textarea name=\"MESSAGE\" rows=\"8\" placeholder=\"Escribe tu mensaje  *\" required><\/textarea>\r\n<\/p>\r\n<p>\r\n\t<input type=\"submit\" class=\"button\" value=\"Enviar\" \/>\r\n<\/p>\r\n<\/div><noscript>Please enable JavaScript for this form to work.<\/noscript><\/div><\/form><!-- \/ HTML Forms --><\/em><\/div>\n\n<\/div>\n<\/div>","protected":false},"excerpt":{"rendered":"<p>Cont\u00e1ctenos para empezar Descubre tu potencial y adquiere conciencia con mi apoyo psicol\u00f3gico. Estoy aqu\u00ed para acompa\u00f1arte en el camino hacia tu empoderamiento. Escr\u00edbeme un WhatsApp o ll\u00e1mame para comenzar este viaje juntos. Calle Casa alta 34, 35649 Tindaya La Oliva Las Palmas TEL 606 99 83 33 contactar<\/p>\n","protected":false},"author":1,"featured_media":0,"parent":0,"menu_order":0,"comment_status":"closed","ping_status":"closed","template":"","meta":{"footnotes":""},"yoast_head":"<!-- This site is optimized with the Yoast SEO plugin v22.8 - https:\/\/yoast.com\/wordpress\/plugins\/seo\/ -->\n<title>Contacto - Carmen Tudela Psic\u00f3loga<\/title>\n<meta name=\"description\" content=\"Ponte en contacto con Carmen Tudela Psic\u00f3loga. Para cualquier pregunta o propuesta puedes llamar al +34 606 99 83 33.\" \/>\n<meta name=\"robots\" content=\"index, follow, max-snippet:-1, max-image-preview:large, max-video-preview:-1\" \/>\n<link rel=\"canonical\" href=\"https:\/\/carmentudelapsicologa.com\/index.php\/contact\/\" \/>\n<meta property=\"og:locale\" content=\"en_US\" \/>\n<meta property=\"og:type\" content=\"article\" \/>\n<meta property=\"og:title\" content=\"Contacto - Carmen Tudela Psic\u00f3loga\" \/>\n<meta property=\"og:description\" content=\"Ponte en contacto con Carmen Tudela Psic\u00f3loga. Para cualquier pregunta o propuesta puedes llamar al +34 606 99 83 33.\" \/>\n<meta property=\"og:url\" content=\"https:\/\/carmentudelapsicologa.com\/index.php\/contact\/\" \/>\n<meta property=\"article:modified_time\" content=\"2024-06-16T22:40:36+00:00\" \/>\n<meta property=\"og:image\" content=\"https:\/\/carmentudelapsicologa.com\/wp-content\/uploads\/2024\/05\/Sunlit-Cafe-Conversation-scaled.webp\" \/>\n<meta name=\"twitter:card\" content=\"summary_large_image\" \/>\n<meta name=\"twitter:label1\" content=\"Est. reading time\" \/>\n\t<meta name=\"twitter:data1\" content=\"1 minute\" \/>\n<script type=\"application\/ld+json\" class=\"yoast-schema-graph\">{\"@context\":\"https:\/\/schema.org\",\"@graph\":[{\"@type\":\"WebPage\",\"@id\":\"https:\/\/carmentudelapsicologa.com\/index.php\/contact\/\",\"url\":\"https:\/\/carmentudelapsicologa.com\/index.php\/contact\/\",\"name\":\"Contacto - Carmen Tudela Psic\u00f3loga\",\"isPartOf\":{\"@id\":\"https:\/\/carmentudelapsicologa.com\/#website\"},\"primaryImageOfPage\":{\"@id\":\"https:\/\/carmentudelapsicologa.com\/index.php\/contact\/#primaryimage\"},\"image\":{\"@id\":\"https:\/\/carmentudelapsicologa.com\/index.php\/contact\/#primaryimage\"},\"thumbnailUrl\":\"https:\/\/carmentudelapsicologa.com\/wp-content\/uploads\/2024\/05\/Sunlit-Cafe-Conversation-scaled.webp\",\"datePublished\":\"2020-08-31T20:51:48+00:00\",\"dateModified\":\"2024-06-16T22:40:36+00:00\",\"description\":\"Ponte en contacto con Carmen Tudela Psic\u00f3loga. Para cualquier pregunta o propuesta puedes llamar al +34 606 99 83 33.\",\"breadcrumb\":{\"@id\":\"https:\/\/carmentudelapsicologa.com\/index.php\/contact\/#breadcrumb\"},\"inLanguage\":\"en-US\",\"potentialAction\":[{\"@type\":\"ReadAction\",\"target\":[\"https:\/\/carmentudelapsicologa.com\/index.php\/contact\/\"]}]},{\"@type\":\"ImageObject\",\"inLanguage\":\"en-US\",\"@id\":\"https:\/\/carmentudelapsicologa.com\/index.php\/contact\/#primaryimage\",\"url\":\"https:\/\/carmentudelapsicologa.com\/wp-content\/uploads\/2024\/05\/Sunlit-Cafe-Conversation-scaled.webp\",\"contentUrl\":\"https:\/\/carmentudelapsicologa.com\/wp-content\/uploads\/2024\/05\/Sunlit-Cafe-Conversation-scaled.webp\",\"width\":2560,\"height\":1707},{\"@type\":\"BreadcrumbList\",\"@id\":\"https:\/\/carmentudelapsicologa.com\/index.php\/contact\/#breadcrumb\",\"itemListElement\":[{\"@type\":\"ListItem\",\"position\":1,\"name\":\"Portada\",\"item\":\"https:\/\/carmentudelapsicologa.com\/\"},{\"@type\":\"ListItem\",\"position\":2,\"name\":\"Contacto\"}]},{\"@type\":\"WebSite\",\"@id\":\"https:\/\/carmentudelapsicologa.com\/#website\",\"url\":\"https:\/\/carmentudelapsicologa.com\/\",\"name\":\"\",\"description\":\"\",\"potentialAction\":[{\"@type\":\"SearchAction\",\"target\":{\"@type\":\"EntryPoint\",\"urlTemplate\":\"https:\/\/carmentudelapsicologa.com\/?s={search_term_string}\"},\"query-input\":\"required name=search_term_string\"}],\"inLanguage\":\"en-US\"}]}<\/script>\n<!-- \/ Yoast SEO plugin. -->","yoast_head_json":{"title":"Contacto - Carmen Tudela Psic\u00f3loga","description":"Ponte en contacto con Carmen Tudela Psic\u00f3loga. Para cualquier pregunta o propuesta puedes llamar al +34 606 99 83 33.","robots":{"index":"index","follow":"follow","max-snippet":"max-snippet:-1","max-image-preview":"max-image-preview:large","max-video-preview":"max-video-preview:-1"},"canonical":"https:\/\/carmentudelapsicologa.com\/index.php\/contact\/","og_locale":"en_US","og_type":"article","og_title":"Contacto - Carmen Tudela Psic\u00f3loga","og_description":"Ponte en contacto con Carmen Tudela Psic\u00f3loga. Para cualquier pregunta o propuesta puedes llamar al +34 606 99 83 33.","og_url":"https:\/\/carmentudelapsicologa.com\/index.php\/contact\/","article_modified_time":"2024-06-16T22:40:36+00:00","og_image":[{"url":"https:\/\/carmentudelapsicologa.com\/wp-content\/uploads\/2024\/05\/Sunlit-Cafe-Conversation-scaled.webp"}],"twitter_card":"summary_large_image","twitter_misc":{"Est. reading time":"1 minute"},"schema":{"@context":"https:\/\/schema.org","@graph":[{"@type":"WebPage","@id":"https:\/\/carmentudelapsicologa.com\/index.php\/contact\/","url":"https:\/\/carmentudelapsicologa.com\/index.php\/contact\/","name":"Contacto - Carmen Tudela Psic\u00f3loga","isPartOf":{"@id":"https:\/\/carmentudelapsicologa.com\/#website"},"primaryImageOfPage":{"@id":"https:\/\/carmentudelapsicologa.com\/index.php\/contact\/#primaryimage"},"image":{"@id":"https:\/\/carmentudelapsicologa.com\/index.php\/contact\/#primaryimage"},"thumbnailUrl":"https:\/\/carmentudelapsicologa.com\/wp-content\/uploads\/2024\/05\/Sunlit-Cafe-Conversation-scaled.webp","datePublished":"2020-08-31T20:51:48+00:00","dateModified":"2024-06-16T22:40:36+00:00","description":"Ponte en contacto con Carmen Tudela Psic\u00f3loga. Para cualquier pregunta o propuesta puedes llamar al +34 606 99 83 33.","breadcrumb":{"@id":"https:\/\/carmentudelapsicologa.com\/index.php\/contact\/#breadcrumb"},"inLanguage":"en-US","potentialAction":[{"@type":"ReadAction","target":["https:\/\/carmentudelapsicologa.com\/index.php\/contact\/"]}]},{"@type":"ImageObject","inLanguage":"en-US","@id":"https:\/\/carmentudelapsicologa.com\/index.php\/contact\/#primaryimage","url":"https:\/\/carmentudelapsicologa.com\/wp-content\/uploads\/2024\/05\/Sunlit-Cafe-Conversation-scaled.webp","contentUrl":"https:\/\/carmentudelapsicologa.com\/wp-content\/uploads\/2024\/05\/Sunlit-Cafe-Conversation-scaled.webp","width":2560,"height":1707},{"@type":"BreadcrumbList","@id":"https:\/\/carmentudelapsicologa.com\/index.php\/contact\/#breadcrumb","itemListElement":[{"@type":"ListItem","position":1,"name":"Portada","item":"https:\/\/carmentudelapsicologa.com\/"},{"@type":"ListItem","position":2,"name":"Contacto"}]},{"@type":"WebSite","@id":"https:\/\/carmentudelapsicologa.com\/#website","url":"https:\/\/carmentudelapsicologa.com\/","name":"","description":"","potentialAction":[{"@type":"SearchAction","target":{"@type":"EntryPoint","urlTemplate":"https:\/\/carmentudelapsicologa.com\/?s={search_term_string}"},"query-input":"required name=search_term_string"}],"inLanguage":"en-US"}]}},"_links":{"self":[{"href":"https:\/\/carmentudelapsicologa.com\/index.php\/wp-json\/wp\/v2\/pages\/3970"}],"collection":[{"href":"https:\/\/carmentudelapsicologa.com\/index.php\/wp-json\/wp\/v2\/pages"}],"about":[{"href":"https:\/\/carmentudelapsicologa.com\/index.php\/wp-json\/wp\/v2\/types\/page"}],"author":[{"embeddable":true,"href":"https:\/\/carmentudelapsicologa.com\/index.php\/wp-json\/wp\/v2\/users\/1"}],"replies":[{"embeddable":true,"href":"https:\/\/carmentudelapsicologa.com\/index.php\/wp-json\/wp\/v2\/comments?post=3970"}],"version-history":[{"count":17,"href":"https:\/\/carmentudelapsicologa.com\/index.php\/wp-json\/wp\/v2\/pages\/3970\/revisions"}],"predecessor-version":[{"id":4530,"href":"https:\/\/carmentudelapsicologa.com\/index.php\/wp-json\/wp\/v2\/pages\/3970\/revisions\/4530"}],"wp:attachment":[{"href":"https:\/\/carmentudelapsicologa.com\/index.php\/wp-json\/wp\/v2\/media?parent=3970"}],"curies":[{"name":"wp","href":"https:\/\/api.w.org\/{rel}","templated":true}]}}