{"id":7,"date":"2020-08-31T20:50:48","date_gmt":"2020-08-31T20:50:48","guid":{"rendered":"https:\/\/gpsites.co\/mason\/?page_id=7"},"modified":"2024-06-03T20:41:01","modified_gmt":"2024-06-03T18:41:01","slug":"home","status":"publish","type":"page","link":"https:\/\/carmentudelapsicologa.com\/","title":{"rendered":"Home"},"content":{"rendered":"<div class=\"gb-container gb-container-a784eaa4\">\n<div class=\"gb-container gb-container-e22f8f50\">\n<div class=\"gb-container gb-container-f4bf4448\">\n<div class=\"gb-container gb-container-5455ff36\">\n\n<div class=\"wp-block-cover aligncenter\" style=\"min-height:850px\"><span aria-hidden=\"true\" class=\"wp-block-cover__background has-background-dim\"><\/span><img loading=\"lazy\" decoding=\"async\" width=\"2560\" height=\"1707\" class=\"wp-block-cover__image-background wp-image-4207\" alt=\"Carmen Tudela Psic\u00f3loga\" src=\"http:\/\/carmentudelapsicologa.com\/wp-content\/uploads\/2024\/05\/Carmen-Tudela-Psicologa-scaled.webp\" style=\"object-position:50% 50%\" data-object-fit=\"cover\" data-object-position=\"50% 50%\" srcset=\"https:\/\/carmentudelapsicologa.com\/wp-content\/uploads\/2024\/05\/Carmen-Tudela-Psicologa-scaled.webp 2560w, https:\/\/carmentudelapsicologa.com\/wp-content\/uploads\/2024\/05\/Carmen-Tudela-Psicologa-300x200.webp 300w, https:\/\/carmentudelapsicologa.com\/wp-content\/uploads\/2024\/05\/Carmen-Tudela-Psicologa-1024x683.webp 1024w, https:\/\/carmentudelapsicologa.com\/wp-content\/uploads\/2024\/05\/Carmen-Tudela-Psicologa-768x512.webp 768w, https:\/\/carmentudelapsicologa.com\/wp-content\/uploads\/2024\/05\/Carmen-Tudela-Psicologa-1536x1024.webp 1536w, https:\/\/carmentudelapsicologa.com\/wp-content\/uploads\/2024\/05\/Carmen-Tudela-Psicologa-2048x1365.webp 2048w\" sizes=\"(max-width: 2560px) 100vw, 2560px\" \/><div class=\"wp-block-cover__inner-container is-layout-constrained wp-block-cover-is-layout-constrained\">\n<div style=\"height:260px\" aria-hidden=\"true\" class=\"wp-block-spacer\"><\/div>\n\n\n\n<p class=\"has-text-align-center has-base-3-color has-text-color has-link-color wp-elements-1f50e5337366896a2a5602bbafecb7d5\" style=\"font-size:34px\">Carmen Tudela &#8211; Gu\u00eda y acompa\u00f1amiento psicol\u00f3gico online.<\/p>\n\n\n\n<p class=\"has-text-align-center has-base-2-color has-text-color has-link-color wp-elements-54759793781c97c295bd4c9d227effb0\">Facilitamos soluciones a problemas complejos con empat\u00eda y sin juicios. <\/p>\n\n\n\n<div style=\"height:40px\" aria-hidden=\"true\" class=\"wp-block-spacer\"><\/div>\n\n\n<div class=\"gb-container gb-container-2db24ae2\">\n\n<a class=\"gb-button gb-button-dc7e5376 gb-button-text\" href=\"https:\/\/carmentudelapsicologa.com\/index.php\/contact\/\">PEDIR CITA<\/a>\n\n<\/div><\/div><\/div>\n\n<\/div>\n<\/div>\n<\/div>\n<\/div>\n\n<div class=\"gb-container gb-container-a78969e8\">\n<div class=\"gb-container gb-container-e6512886\">\n\n<p class=\"gb-headline gb-headline-42c720d1 gb-headline-text\">ESTUDIOS<\/p>\n\n\n\n<p class=\"gb-headline gb-headline-b812d523\"><span class=\"gb-icon\"><svg viewBox=\"0 0 16 24\" xmlns=\"http:\/\/www.w3.org\/2000\/svg\"><path d=\"M8 16c-4.4 0-8-3.6-8-8s3.6-8 8-8 8 3.6 8 8-3.6 8-8 8zM8 2C4.7 2 2 4.7 2 8s2.7 6 6 6 6-2.7 6-6-2.7-6-6-6z\"><\/path><path d=\"M13 24c-.2 0-.4 0-.5-.1L8 21.2l-4.5 2.7c-.3.2-.7.2-1.1 0-.3-.2-.5-.6-.4-1l1.2-9.1c.1-.5.6-.9 1.1-.9.6.1 1 .6.9 1.1l-.9 7.1 3.2-1.9c.3-.2.7-.2 1 0l3.2 1.9-.9-7.1c-.1-.5.3-1.1.9-1.1.6-.1 1.1.3 1.1.9l1.2 9.1c.1.4-.1.8-.4 1-.2 0-.4.1-.6.1z\"><\/path><\/svg><\/span><span class=\"gb-headline-text\">Graduada en Psicolog\u00eda <\/span><\/p>\n\n\n\n<p class=\"gb-headline gb-headline-e62934b2\"><span class=\"gb-icon\"><svg viewBox=\"0 0 16 24\" xmlns=\"http:\/\/www.w3.org\/2000\/svg\"><path d=\"M8 16c-4.4 0-8-3.6-8-8s3.6-8 8-8 8 3.6 8 8-3.6 8-8 8zM8 2C4.7 2 2 4.7 2 8s2.7 6 6 6 6-2.7 6-6-2.7-6-6-6z\"><\/path><path d=\"M13 24c-.2 0-.4 0-.5-.1L8 21.2l-4.5 2.7c-.3.2-.7.2-1.1 0-.3-.2-.5-.6-.4-1l1.2-9.1c.1-.5.6-.9 1.1-.9.6.1 1 .6.9 1.1l-.9 7.1 3.2-1.9c.3-.2.7-.2 1 0l3.2 1.9-.9-7.1c-.1-.5.3-1.1.9-1.1.6-.1 1.1.3 1.1.9l1.2 9.1c.1.4-.1.8-.4 1-.2 0-.4.1-.6.1z\"><\/path><\/svg><\/span><span class=\"gb-headline-text\">M\u00e1ster en Psicolog\u00eda General Sanitaria<\/span><\/p>\n\n\n\n<p class=\"gb-headline gb-headline-314e7ca7\"><span class=\"gb-icon\"><svg viewBox=\"0 0 16 24\" xmlns=\"http:\/\/www.w3.org\/2000\/svg\"><path d=\"M8 16c-4.4 0-8-3.6-8-8s3.6-8 8-8 8 3.6 8 8-3.6 8-8 8zM8 2C4.7 2 2 4.7 2 8s2.7 6 6 6 6-2.7 6-6-2.7-6-6-6z\"><\/path><path d=\"M13 24c-.2 0-.4 0-.5-.1L8 21.2l-4.5 2.7c-.3.2-.7.2-1.1 0-.3-.2-.5-.6-.4-1l1.2-9.1c.1-.5.6-.9 1.1-.9.6.1 1 .6.9 1.1l-.9 7.1 3.2-1.9c.3-.2.7-.2 1 0l3.2 1.9-.9-7.1c-.1-.5.3-1.1.9-1.1.6-.1 1.1.3 1.1.9l1.2 9.1c.1.4-.1.8-.4 1-.2 0-.4.1-.6.1z\"><\/path><\/svg><\/span><span class=\"gb-headline-text\">Master in Clinical Hypnosis<\/span><\/p>\n\n\n\n<p class=\"gb-headline gb-headline-ef2583d6\"><span class=\"gb-icon\"><svg viewBox=\"0 0 16 24\" xmlns=\"http:\/\/www.w3.org\/2000\/svg\"><path d=\"M8 16c-4.4 0-8-3.6-8-8s3.6-8 8-8 8 3.6 8 8-3.6 8-8 8zM8 2C4.7 2 2 4.7 2 8s2.7 6 6 6 6-2.7 6-6-2.7-6-6-6z\"><\/path><path d=\"M13 24c-.2 0-.4 0-.5-.1L8 21.2l-4.5 2.7c-.3.2-.7.2-1.1 0-.3-.2-.5-.6-.4-1l1.2-9.1c.1-.5.6-.9 1.1-.9.6.1 1 .6.9 1.1l-.9 7.1 3.2-1.9c.3-.2.7-.2 1 0l3.2 1.9-.9-7.1c-.1-.5.3-1.1.9-1.1.6-.1 1.1.3 1.1.9l1.2 9.1c.1.4-.1.8-.4 1-.2 0-.4.1-.6.1z\"><\/path><\/svg><\/span><span class=\"gb-headline-text\">Especialista en Terapia Breve y Estrat\u00e9gica<\/span><\/p>\n\n\n\n<p class=\"gb-headline gb-headline-84bd9edb\"><span class=\"gb-icon\"><svg viewBox=\"0 0 16 24\" xmlns=\"http:\/\/www.w3.org\/2000\/svg\"><path d=\"M8 16c-4.4 0-8-3.6-8-8s3.6-8 8-8 8 3.6 8 8-3.6 8-8 8zM8 2C4.7 2 2 4.7 2 8s2.7 6 6 6 6-2.7 6-6-2.7-6-6-6z\"><\/path><path d=\"M13 24c-.2 0-.4 0-.5-.1L8 21.2l-4.5 2.7c-.3.2-.7.2-1.1 0-.3-.2-.5-.6-.4-1l1.2-9.1c.1-.5.6-.9 1.1-.9.6.1 1 .6.9 1.1l-.9 7.1 3.2-1.9c.3-.2.7-.2 1 0l3.2 1.9-.9-7.1c-.1-.5.3-1.1.9-1.1.6-.1 1.1.3 1.1.9l1.2 9.1c.1.4-.1.8-.4 1-.2 0-.4.1-.6.1z\"><\/path><\/svg><\/span><span class=\"gb-headline-text\">Posgrado en Neuropsicolog\u00eda<\/span><\/p>\n\n\n\n<p class=\"gb-headline gb-headline-40a3114e\"><span class=\"gb-icon\"><svg viewBox=\"0 0 16 24\" xmlns=\"http:\/\/www.w3.org\/2000\/svg\"><path d=\"M8 16c-4.4 0-8-3.6-8-8s3.6-8 8-8 8 3.6 8 8-3.6 8-8 8zM8 2C4.7 2 2 4.7 2 8s2.7 6 6 6 6-2.7 6-6-2.7-6-6-6z\"><\/path><path d=\"M13 24c-.2 0-.4 0-.5-.1L8 21.2l-4.5 2.7c-.3.2-.7.2-1.1 0-.3-.2-.5-.6-.4-1l1.2-9.1c.1-.5.6-.9 1.1-.9.6.1 1 .6.9 1.1l-.9 7.1 3.2-1.9c.3-.2.7-.2 1 0l3.2 1.9-.9-7.1c-.1-.5.3-1.1.9-1.1.6-.1 1.1.3 1.1.9l1.2 9.1c.1.4-.1.8-.4 1-.2 0-.4.1-.6.1z\"><\/path><\/svg><\/span><span class=\"gb-headline-text\">Posgrado en Mindfulness<\/span><\/p>\n\n\n\n<p class=\"gb-headline gb-headline-7290d23b\"><span class=\"gb-icon\"><svg viewBox=\"0 0 16 24\" xmlns=\"http:\/\/www.w3.org\/2000\/svg\"><path d=\"M8 16c-4.4 0-8-3.6-8-8s3.6-8 8-8 8 3.6 8 8-3.6 8-8 8zM8 2C4.7 2 2 4.7 2 8s2.7 6 6 6 6-2.7 6-6-2.7-6-6-6z\"><\/path><path d=\"M13 24c-.2 0-.4 0-.5-.1L8 21.2l-4.5 2.7c-.3.2-.7.2-1.1 0-.3-.2-.5-.6-.4-1l1.2-9.1c.1-.5.6-.9 1.1-.9.6.1 1 .6.9 1.1l-.9 7.1 3.2-1.9c.3-.2.7-.2 1 0l3.2 1.9-.9-7.1c-.1-.5.3-1.1.9-1.1.6-.1 1.1.3 1.1.9l1.2 9.1c.1.4-.1.8-.4 1-.2 0-.4.1-.6.1z\"><\/path><\/svg><\/span><span class=\"gb-headline-text\">Posgrado en Meditaci\u00f3n aut\u00f3gena<\/span><\/p>\n\n\n\n<p class=\"gb-headline gb-headline-350d2bad\"><span class=\"gb-icon\"><svg viewBox=\"0 0 16 24\" xmlns=\"http:\/\/www.w3.org\/2000\/svg\"><path d=\"M8 16c-4.4 0-8-3.6-8-8s3.6-8 8-8 8 3.6 8 8-3.6 8-8 8zM8 2C4.7 2 2 4.7 2 8s2.7 6 6 6 6-2.7 6-6-2.7-6-6-6z\"><\/path><path d=\"M13 24c-.2 0-.4 0-.5-.1L8 21.2l-4.5 2.7c-.3.2-.7.2-1.1 0-.3-.2-.5-.6-.4-1l1.2-9.1c.1-.5.6-.9 1.1-.9.6.1 1 .6.9 1.1l-.9 7.1 3.2-1.9c.3-.2.7-.2 1 0l3.2 1.9-.9-7.1c-.1-.5.3-1.1.9-1.1.6-.1 1.1.3 1.1.9l1.2 9.1c.1.4-.1.8-.4 1-.2 0-.4.1-.6.1z\"><\/path><\/svg><\/span><span class=\"gb-headline-text\">Posgrado en Primeros Auxilios Psicol\u00f3gicos en situaciones de crisis y emergencias. <\/span><\/p>\n\n<\/div>\n\n<div class=\"gb-container gb-container-914a15ad\">\n\n<div class=\"gb-headline gb-headline-903c88e3\"><span class=\"gb-icon\"><svg xmlns=\"http:\/\/www.w3.org\/2000\/svg\" viewBox=\"0 0 60 42.35\"><path d=\"M47.47 15.76c-.12-1.31-.03-4.86 3.37-9.8.26-.37.21-.88-.11-1.19-1.39-1.39-2.25-2.26-2.85-2.87-.79-.81-1.15-1.18-1.68-1.66a.945.945 0 00-1.25-.01c-5.93 5.16-12.52 15.82-11.56 28.89.56 7.67 6.15 13.24 13.3 13.24 7.34 0 13.31-5.97 13.31-13.31 0-7.08-5.56-12.88-12.53-13.29zm-.78 24.72c-6.14 0-10.95-4.84-11.43-11.5-1.07-14.69 7.66-24.23 10.3-26.76.26.25.55.55.98.99.52.53 1.24 1.26 2.32 2.34-4.13 6.36-3.35 10.9-3.01 11.55.16.31.49.52.84.52 6.3 0 11.43 5.13 11.43 11.43S53 40.48 46.69 40.48zM14.17 15.76c-.12-1.3-.03-4.85 3.37-9.8.26-.37.21-.88-.11-1.19-1.38-1.38-2.24-2.26-2.84-2.87C13.8 1.09 13.43.72 12.9.24a.945.945 0 00-1.25-.01C5.73 5.39-.86 16.05.09 29.12c.56 7.67 6.16 13.24 13.31 13.24 7.34 0 13.31-5.97 13.31-13.31-.01-7.08-5.56-12.89-12.54-13.29zm-.77 24.72c-6.14 0-10.95-4.84-11.44-11.5C.89 14.28 9.63 4.74 12.26 2.22c.26.25.55.55.99 1 .52.53 1.23 1.26 2.31 2.34-4.13 6.36-3.35 10.9-3.01 11.55.16.31.5.52.84.52 6.3 0 11.43 5.13 11.43 11.43.01 6.29-5.12 11.42-11.42 11.42z\"><\/path><\/svg><\/span><\/div>\n\n\n\n<h2 class=\"gb-headline gb-headline-20797084 gb-headline-text\">Creo en la autoayuda, la importancia del amor y una visi\u00f3n vanguardista de la psicolog\u00eda, abrazando lo f\u00edsico y mental como un todo.<\/h2>\n\n\n\n<p class=\"gb-headline gb-headline-6a413e10 gb-headline-text\">\u2013 <em>Carmen Tudela, <\/em>Psic\u00f3loga<\/p>\n\n<\/div>\n<\/div>\n\n<div class=\"gb-container gb-container-2fbd45b1\">\n<div class=\"gb-container gb-container-6ce42712\">\n<div class=\"gb-container gb-container-50772905\">\n\n<h3 class=\"gb-headline gb-headline-5a1b0c46 gb-headline-text\"><strong>Un camino de crecimiento y bienestar. Da tu primer paso.<\/strong><\/h3>\n\n\n\n<div class=\"gb-headline gb-headline-e638c580\"><span class=\"gb-icon\"><svg viewBox=\"0 0 36.7 3\" xmlns=\"http:\/\/www.w3.org\/2000\/svg\"><path d=\"M0 0h36.7v3H0z\"><\/path><\/svg><\/span><\/div>\n\n\n\n<p class=\"has-text-align-center\">Te ofrezco un espacio de acompa\u00f1amiento respetuoso, donde tengas la oportunidad de experimentar y expresar libremente todo lo que va sucediendo. Mi trabajo es escuchar y acompa\u00f1ar activamente a las personas en sus procesos vitales, y me encantar\u00eda poder hacerlo contigo.&nbsp;<strong>Conoce m\u00e1s a fondo mi recorrido y experiencia.&nbsp;<\/strong><\/p>\n\n\n\n<a class=\"gb-button gb-button-3a79f373 gb-button-text button-effect\" href=\"https:\/\/carmentudelapsicologa.com\/index.php\/portfolio\/\">conocer m\u00e1s<\/a>\n\n<\/div>\n<\/div>\n<\/div>\n\n\n<h3 class=\"gb-headline gb-headline-599d5985 gb-headline-text\">TESTIMONIOS<\/h3>\n\n\n\n<div class=\"gb-headline gb-headline-b3749b84\"><span class=\"gb-icon\"><svg viewBox=\"0 0 36.7 3\" xmlns=\"http:\/\/www.w3.org\/2000\/svg\"><path d=\"M0 0h36.7v3H0z\"><\/path><\/svg><\/span><\/div>\n\n\n<div class=\"gb-container gb-container-8be0ab35\">\n<div class=\"gb-container gb-container-6ae31a13\">\n<div class=\"wp-block-image is-resized right-border img is-style-default\">\n<figure class=\"aligncenter size-medium\"><img loading=\"lazy\" decoding=\"async\" width=\"200\" height=\"300\" src=\"https:\/\/carmentudelapsicologa.com\/wp-content\/uploads\/2024\/05\/ronny-sison-7eDUHk7Jb_o-unsplash-200x300.webp\" alt=\"Paciente Carmen Tudela Psic\u00f3loga\" class=\"wp-image-4308\" srcset=\"https:\/\/carmentudelapsicologa.com\/wp-content\/uploads\/2024\/05\/ronny-sison-7eDUHk7Jb_o-unsplash-200x300.webp 200w, https:\/\/carmentudelapsicologa.com\/wp-content\/uploads\/2024\/05\/ronny-sison-7eDUHk7Jb_o-unsplash-684x1024.webp 684w, https:\/\/carmentudelapsicologa.com\/wp-content\/uploads\/2024\/05\/ronny-sison-7eDUHk7Jb_o-unsplash-768x1151.webp 768w, https:\/\/carmentudelapsicologa.com\/wp-content\/uploads\/2024\/05\/ronny-sison-7eDUHk7Jb_o-unsplash-1025x1536.webp 1025w, https:\/\/carmentudelapsicologa.com\/wp-content\/uploads\/2024\/05\/ronny-sison-7eDUHk7Jb_o-unsplash-1367x2048.webp 1367w, https:\/\/carmentudelapsicologa.com\/wp-content\/uploads\/2024\/05\/ronny-sison-7eDUHk7Jb_o-unsplash-scaled.webp 1709w\" sizes=\"(max-width: 200px) 100vw, 200px\" \/><\/figure><\/div>\n<\/div>\n\n<div class=\"gb-container gb-container-b781cf4c\">\n\n<p>Carmen es la persona id\u00f3nea para tratarte. Te gu\u00eda y te ayuda a entrar en territorios que no sab\u00edas ni que existen. Tiene 1000 alternativas tan personalizadas, que parecen pensadas en ti.<br>Es muy importante hacer las tareas que Carmen te propone, ya que, si no pones de tu parte, no llegar\u00e1s a ning\u00fan sitio. Estoy muy agradecida por su terapia su comprensi\u00f3n y positividad que te rodea y te contagia. Gracias<\/p>\n\n\n\n<p class=\"gb-headline gb-headline-dd1c2a62 gb-headline-text\"><em>\u2013 Marina, paciente de Carmen<\/em><\/p>\n\n<\/div>\n<\/div>\n\n<div class=\"gb-container gb-container-83262ba0\">\n\n<p class=\"gb-headline gb-headline-0e5dc55f gb-headline-text\">servicios<\/p>\n\n\n\n<div class=\"gb-headline gb-headline-edda6511\"><span class=\"gb-icon\"><svg viewBox=\"0 0 36.7 3\" xmlns=\"http:\/\/www.w3.org\/2000\/svg\"><path d=\"M0 0h36.7v3H0z\"><\/path><\/svg><\/span><\/div>\n\n\n<div class=\"gb-container gb-container-7b5ba7c8\">\n<div class=\"gb-container gb-container-7db3d5e9\">\n\n<h3 class=\"gb-headline gb-headline-31d69bcf gb-headline-text\">Terapia adultos<\/h3>\n\n\n\n<a class=\"gb-button gb-button-ab37996f gb-button-text button-effect\" href=\"https:\/\/carmentudelapsicologa.com\/index.php\/portfolio\/\">ver m\u00e1s<\/a>\n\n<\/div>\n\n<div class=\"gb-container gb-container-78678b8c\">\n\n<h3 class=\"gb-headline gb-headline-914108ef gb-headline-text\">Terapia j\u00f3venes<\/h3>\n\n\n\n<a class=\"gb-button gb-button-18e6c75d gb-button-text button-effect\" href=\"https:\/\/carmentudelapsicologa.com\/index.php\/portfolio\/\">ver m\u00e1s<\/a>\n\n<\/div>\n\n<div class=\"gb-container gb-container-d13e2cbe\">\n\n<h3 class=\"gb-headline gb-headline-74e87612 gb-headline-text\">Coaching individual<\/h3>\n\n\n\n<a class=\"gb-button gb-button-3c1f5be6 gb-button-text button-effect\" href=\"https:\/\/carmentudelapsicologa.com\/index.php\/portfolio\/\">ver m\u00e1s<\/a>\n\n<\/div>\n<\/div>\n<\/div>\n\n<div class=\"gb-container gb-container-e0b74856\">\n\n<h3 class=\"gb-headline gb-headline-b5e08eb9 gb-headline-text\"><strong>\u00bfDeseas concertar una cita de asesoramiento?<\/strong><\/h3>\n\n\n\n<div class=\"gb-headline gb-headline-c3750c00\"><span class=\"gb-icon\"><svg viewBox=\"0 0 36.7 3\" xmlns=\"http:\/\/www.w3.org\/2000\/svg\"><path d=\"M0 0h36.7v3H0z\"><\/path><\/svg><\/span><\/div>\n\n\n\n<p class=\"has-text-align-center\">Ponte en contacto conmigo y te responder\u00e9 en breve.<\/p>\n\n\n\n<a class=\"gb-button gb-button-9f520653 gb-button-text button-effect\" href=\"https:\/\/carmentudelapsicologa.com\/index.php\/contact\/\">pedir cita<\/a>\n\n<\/div>","protected":false},"excerpt":{"rendered":"<p>ESTUDIOS Graduada en Psicolog\u00eda M\u00e1ster en Psicolog\u00eda General Sanitaria Master in Clinical Hypnosis Especialista en Terapia Breve y Estrat\u00e9gica Posgrado en Neuropsicolog\u00eda Posgrado en Mindfulness Posgrado en Meditaci\u00f3n aut\u00f3gena Posgrado en Primeros Auxilios Psicol\u00f3gicos en situaciones de crisis y emergencias. Creo en la autoayuda, la importancia del amor y una visi\u00f3n vanguardista de la psicolog\u00eda, &#8230; <a title=\"Home\" class=\"read-more\" href=\"https:\/\/carmentudelapsicologa.com\/\" aria-label=\"More on Home\">Read more<\/a><\/p>\n","protected":false},"author":1,"featured_media":0,"parent":0,"menu_order":0,"comment_status":"closed","ping_status":"closed","template":"","meta":{"footnotes":""},"yoast_head":"<!-- This site is optimized with the Yoast SEO plugin v22.8 - https:\/\/yoast.com\/wordpress\/plugins\/seo\/ -->\n<title>Carmen Tudela - Gu\u00eda y acompa\u00f1amiento psicol\u00f3gico<\/title>\n<meta name=\"description\" content=\"Con Carmen Tudela psic\u00f3loga, recibe gu\u00eda y acompa\u00f1amiento psicol\u00f3gico profesional para superar obst\u00e1culos y alcanzar tus metas.\" \/>\n<meta name=\"robots\" content=\"index, follow, max-snippet:-1, max-image-preview:large, max-video-preview:-1\" \/>\n<link rel=\"canonical\" href=\"https:\/\/carmentudelapsicologa.com\/\" \/>\n<meta property=\"og:locale\" content=\"en_US\" \/>\n<meta property=\"og:type\" content=\"article\" \/>\n<meta property=\"og:title\" content=\"Carmen Tudela - Gu\u00eda y acompa\u00f1amiento psicol\u00f3gico\" \/>\n<meta property=\"og:description\" content=\"Con Carmen Tudela psic\u00f3loga, recibe gu\u00eda y acompa\u00f1amiento psicol\u00f3gico profesional para superar obst\u00e1culos y alcanzar tus metas.\" \/>\n<meta property=\"og:url\" content=\"https:\/\/carmentudelapsicologa.com\/\" \/>\n<meta property=\"article:modified_time\" content=\"2024-06-03T18:41:01+00:00\" \/>\n<meta property=\"og:image\" content=\"http:\/\/carmentudelapsicologa.com\/wp-content\/uploads\/2024\/05\/Carmen-Tudela-Psicologa-scaled.webp\" \/>\n<meta name=\"twitter:card\" content=\"summary_large_image\" \/>\n<meta name=\"twitter:label1\" content=\"Est. reading time\" \/>\n\t<meta name=\"twitter:data1\" content=\"2 minutes\" \/>\n<script type=\"application\/ld+json\" class=\"yoast-schema-graph\">{\"@context\":\"https:\/\/schema.org\",\"@graph\":[{\"@type\":\"WebPage\",\"@id\":\"https:\/\/carmentudelapsicologa.com\/\",\"url\":\"https:\/\/carmentudelapsicologa.com\/\",\"name\":\"Carmen Tudela - Gu\u00eda y acompa\u00f1amiento psicol\u00f3gico\",\"isPartOf\":{\"@id\":\"https:\/\/carmentudelapsicologa.com\/#website\"},\"primaryImageOfPage\":{\"@id\":\"https:\/\/carmentudelapsicologa.com\/#primaryimage\"},\"image\":{\"@id\":\"https:\/\/carmentudelapsicologa.com\/#primaryimage\"},\"thumbnailUrl\":\"http:\/\/carmentudelapsicologa.com\/wp-content\/uploads\/2024\/05\/Carmen-Tudela-Psicologa-scaled.webp\",\"datePublished\":\"2020-08-31T20:50:48+00:00\",\"dateModified\":\"2024-06-03T18:41:01+00:00\",\"description\":\"Con Carmen Tudela psic\u00f3loga, recibe gu\u00eda y acompa\u00f1amiento psicol\u00f3gico profesional para superar obst\u00e1culos y alcanzar tus metas.\",\"breadcrumb\":{\"@id\":\"https:\/\/carmentudelapsicologa.com\/#breadcrumb\"},\"inLanguage\":\"en-US\",\"potentialAction\":[{\"@type\":\"ReadAction\",\"target\":[\"https:\/\/carmentudelapsicologa.com\/\"]}]},{\"@type\":\"ImageObject\",\"inLanguage\":\"en-US\",\"@id\":\"https:\/\/carmentudelapsicologa.com\/#primaryimage\",\"url\":\"https:\/\/carmentudelapsicologa.com\/wp-content\/uploads\/2024\/05\/Carmen-Tudela-Psicologa-scaled.webp\",\"contentUrl\":\"https:\/\/carmentudelapsicologa.com\/wp-content\/uploads\/2024\/05\/Carmen-Tudela-Psicologa-scaled.webp\",\"width\":2560,\"height\":1707,\"caption\":\"Carmen Tudela Psicologa\"},{\"@type\":\"BreadcrumbList\",\"@id\":\"https:\/\/carmentudelapsicologa.com\/#breadcrumb\",\"itemListElement\":[{\"@type\":\"ListItem\",\"position\":1,\"name\":\"Portada\",\"item\":\"https:\/\/carmentudelapsicologa.com\/\"},{\"@type\":\"ListItem\",\"position\":2,\"name\":\"Home\"}]},{\"@type\":\"WebSite\",\"@id\":\"https:\/\/carmentudelapsicologa.com\/#website\",\"url\":\"https:\/\/carmentudelapsicologa.com\/\",\"name\":\"\",\"description\":\"\",\"potentialAction\":[{\"@type\":\"SearchAction\",\"target\":{\"@type\":\"EntryPoint\",\"urlTemplate\":\"https:\/\/carmentudelapsicologa.com\/?s={search_term_string}\"},\"query-input\":\"required name=search_term_string\"}],\"inLanguage\":\"en-US\"}]}<\/script>\n<!-- \/ Yoast SEO plugin. -->","yoast_head_json":{"title":"Carmen Tudela - Gu\u00eda y acompa\u00f1amiento psicol\u00f3gico","description":"Con Carmen Tudela psic\u00f3loga, recibe gu\u00eda y acompa\u00f1amiento psicol\u00f3gico profesional para superar obst\u00e1culos y alcanzar tus metas.","robots":{"index":"index","follow":"follow","max-snippet":"max-snippet:-1","max-image-preview":"max-image-preview:large","max-video-preview":"max-video-preview:-1"},"canonical":"https:\/\/carmentudelapsicologa.com\/","og_locale":"en_US","og_type":"article","og_title":"Carmen Tudela - Gu\u00eda y acompa\u00f1amiento psicol\u00f3gico","og_description":"Con Carmen Tudela psic\u00f3loga, recibe gu\u00eda y acompa\u00f1amiento psicol\u00f3gico profesional para superar obst\u00e1culos y alcanzar tus metas.","og_url":"https:\/\/carmentudelapsicologa.com\/","article_modified_time":"2024-06-03T18:41:01+00:00","og_image":[{"url":"http:\/\/carmentudelapsicologa.com\/wp-content\/uploads\/2024\/05\/Carmen-Tudela-Psicologa-scaled.webp"}],"twitter_card":"summary_large_image","twitter_misc":{"Est. reading time":"2 minutes"},"schema":{"@context":"https:\/\/schema.org","@graph":[{"@type":"WebPage","@id":"https:\/\/carmentudelapsicologa.com\/","url":"https:\/\/carmentudelapsicologa.com\/","name":"Carmen Tudela - Gu\u00eda y acompa\u00f1amiento psicol\u00f3gico","isPartOf":{"@id":"https:\/\/carmentudelapsicologa.com\/#website"},"primaryImageOfPage":{"@id":"https:\/\/carmentudelapsicologa.com\/#primaryimage"},"image":{"@id":"https:\/\/carmentudelapsicologa.com\/#primaryimage"},"thumbnailUrl":"http:\/\/carmentudelapsicologa.com\/wp-content\/uploads\/2024\/05\/Carmen-Tudela-Psicologa-scaled.webp","datePublished":"2020-08-31T20:50:48+00:00","dateModified":"2024-06-03T18:41:01+00:00","description":"Con Carmen Tudela psic\u00f3loga, recibe gu\u00eda y acompa\u00f1amiento psicol\u00f3gico profesional para superar obst\u00e1culos y alcanzar tus metas.","breadcrumb":{"@id":"https:\/\/carmentudelapsicologa.com\/#breadcrumb"},"inLanguage":"en-US","potentialAction":[{"@type":"ReadAction","target":["https:\/\/carmentudelapsicologa.com\/"]}]},{"@type":"ImageObject","inLanguage":"en-US","@id":"https:\/\/carmentudelapsicologa.com\/#primaryimage","url":"https:\/\/carmentudelapsicologa.com\/wp-content\/uploads\/2024\/05\/Carmen-Tudela-Psicologa-scaled.webp","contentUrl":"https:\/\/carmentudelapsicologa.com\/wp-content\/uploads\/2024\/05\/Carmen-Tudela-Psicologa-scaled.webp","width":2560,"height":1707,"caption":"Carmen Tudela Psicologa"},{"@type":"BreadcrumbList","@id":"https:\/\/carmentudelapsicologa.com\/#breadcrumb","itemListElement":[{"@type":"ListItem","position":1,"name":"Portada","item":"https:\/\/carmentudelapsicologa.com\/"},{"@type":"ListItem","position":2,"name":"Home"}]},{"@type":"WebSite","@id":"https:\/\/carmentudelapsicologa.com\/#website","url":"https:\/\/carmentudelapsicologa.com\/","name":"","description":"","potentialAction":[{"@type":"SearchAction","target":{"@type":"EntryPoint","urlTemplate":"https:\/\/carmentudelapsicologa.com\/?s={search_term_string}"},"query-input":"required name=search_term_string"}],"inLanguage":"en-US"}]}},"_links":{"self":[{"href":"https:\/\/carmentudelapsicologa.com\/index.php\/wp-json\/wp\/v2\/pages\/7"}],"collection":[{"href":"https:\/\/carmentudelapsicologa.com\/index.php\/wp-json\/wp\/v2\/pages"}],"about":[{"href":"https:\/\/carmentudelapsicologa.com\/index.php\/wp-json\/wp\/v2\/types\/page"}],"author":[{"embeddable":true,"href":"https:\/\/carmentudelapsicologa.com\/index.php\/wp-json\/wp\/v2\/users\/1"}],"replies":[{"embeddable":true,"href":"https:\/\/carmentudelapsicologa.com\/index.php\/wp-json\/wp\/v2\/comments?post=7"}],"version-history":[{"count":127,"href":"https:\/\/carmentudelapsicologa.com\/index.php\/wp-json\/wp\/v2\/pages\/7\/revisions"}],"predecessor-version":[{"id":4527,"href":"https:\/\/carmentudelapsicologa.com\/index.php\/wp-json\/wp\/v2\/pages\/7\/revisions\/4527"}],"wp:attachment":[{"href":"https:\/\/carmentudelapsicologa.com\/index.php\/wp-json\/wp\/v2\/media?parent=7"}],"curies":[{"name":"wp","href":"https:\/\/api.w.org\/{rel}","templated":true}]}}